{"id":359,"date":"2024-05-21T08:53:11","date_gmt":"2024-05-21T08:53:11","guid":{"rendered":"https:\/\/ceresfresh.es\/index.php\/kuerbis\/"},"modified":"2024-05-23T11:00:15","modified_gmt":"2024-05-23T11:00:15","slug":"kuerbis","status":"publish","type":"page","link":"https:\/\/ceresfresh.es\/de\/kuerbis\/","title":{"rendered":"K\u00fcrbis"},"content":{"rendered":"\t\t<div data-elementor-type=\"wp-page\" data-elementor-id=\"359\" class=\"elementor elementor-359 elementor-85\" data-elementor-post-type=\"page\">\n\t\t\t\t\t\t<section class=\"elementor-section elementor-top-section elementor-element elementor-element-5d83e837 elementor-section-boxed elementor-section-height-default elementor-section-height-default\" data-id=\"5d83e837\" data-element_type=\"section\">\n\t\t\t\t\t\t<div class=\"elementor-container elementor-column-gap-default\">\n\t\t\t\t\t<div class=\"elementor-column elementor-col-100 elementor-top-column elementor-element elementor-element-32353e4e\" data-id=\"32353e4e\" data-element_type=\"column\">\n\t\t\t<div class=\"elementor-widget-wrap elementor-element-populated\">\n\t\t\t\t\t\t<div class=\"elementor-element elementor-element-5a81b1a4 elementor-align-center elementor-widget elementor-widget-button\" data-id=\"5a81b1a4\" data-element_type=\"widget\" data-widget_type=\"button.default\">\n\t\t\t\t<div class=\"elementor-widget-container\">\n\t\t\t\t\t\t\t\t\t<div class=\"elementor-button-wrapper\">\n\t\t\t\t\t<a class=\"elementor-button elementor-button-link elementor-size-sm\" href=\"https:\/\/ceresfresh.es\/de\/#productos\">\n\t\t\t\t\t\t<span class=\"elementor-button-content-wrapper\">\n\t\t\t\t\t\t\t\t\t<span class=\"elementor-button-text\">Unser Sortiment<\/span>\n\t\t\t\t\t<\/span>\n\t\t\t\t\t<\/a>\n\t\t\t\t<\/div>\n\t\t\t\t\t\t\t\t<\/div>\n\t\t\t\t<\/div>\n\t\t\t\t\t<\/div>\n\t\t<\/div>\n\t\t\t\t\t<\/div>\n\t\t<\/section>\n\t\t\t\t<section class=\"elementor-section elementor-top-section elementor-element elementor-element-5dc5f7e3 elementor-section-boxed elementor-section-height-default elementor-section-height-default\" data-id=\"5dc5f7e3\" data-element_type=\"section\">\n\t\t\t\t\t\t<div class=\"elementor-container elementor-column-gap-default\">\n\t\t\t\t\t<div class=\"elementor-column elementor-col-50 elementor-top-column elementor-element elementor-element-69da444a\" data-id=\"69da444a\" data-element_type=\"column\">\n\t\t\t<div class=\"elementor-widget-wrap elementor-element-populated\">\n\t\t\t\t\t\t<div class=\"elementor-element elementor-element-5267540c elementor-arrows-position-inside elementor-pagination-position-outside elementor-widget elementor-widget-image-carousel\" data-id=\"5267540c\" data-element_type=\"widget\" data-settings=\"{&quot;slides_to_show&quot;:&quot;1&quot;,&quot;navigation&quot;:&quot;both&quot;,&quot;autoplay&quot;:&quot;yes&quot;,&quot;pause_on_hover&quot;:&quot;yes&quot;,&quot;pause_on_interaction&quot;:&quot;yes&quot;,&quot;autoplay_speed&quot;:5000,&quot;infinite&quot;:&quot;yes&quot;,&quot;effect&quot;:&quot;slide&quot;,&quot;speed&quot;:500}\" data-widget_type=\"image-carousel.default\">\n\t\t\t\t<div class=\"elementor-widget-container\">\n\t\t\t\t\t\t\t<div class=\"elementor-image-carousel-wrapper swiper\" role=\"region\" aria-roledescription=\"carousel\" aria-label=\"Bild Karussell\" dir=\"ltr\">\n\t\t\t<div class=\"elementor-image-carousel swiper-wrapper\" aria-live=\"off\">\n\t\t\t\t\t\t\t\t<div class=\"swiper-slide\" role=\"group\" aria-roledescription=\"slide\" aria-label=\"1 von 4\"><figure class=\"swiper-slide-inner\"><img decoding=\"async\" class=\"swiper-slide-image\" src=\"https:\/\/ceresfresh.es\/wp-content\/uploads\/2024\/05\/calabazas-caja.jpg\" alt=\"calabazas-caja.jpg\" \/><\/figure><\/div><div class=\"swiper-slide\" role=\"group\" aria-roledescription=\"slide\" aria-label=\"2 von 4\"><figure class=\"swiper-slide-inner\"><img decoding=\"async\" class=\"swiper-slide-image\" src=\"https:\/\/ceresfresh.es\/wp-content\/uploads\/2024\/05\/calabaza-entera.jpg\" alt=\"calabaza-entera.jpg\" \/><\/figure><\/div><div class=\"swiper-slide\" role=\"group\" aria-roledescription=\"slide\" aria-label=\"3 von 4\"><figure class=\"swiper-slide-inner\"><img decoding=\"async\" class=\"swiper-slide-image\" src=\"https:\/\/ceresfresh.es\/wp-content\/uploads\/2024\/05\/caja-calabazas-1.jpg\" alt=\"caja-calabazas-1.jpg\" \/><\/figure><\/div><div class=\"swiper-slide\" role=\"group\" aria-roledescription=\"slide\" aria-label=\"4 von 4\"><figure class=\"swiper-slide-inner\"><img decoding=\"async\" class=\"swiper-slide-image\" src=\"https:\/\/ceresfresh.es\/wp-content\/uploads\/2024\/05\/calabaza-partida-caja.jpg\" alt=\"calabaza-partida-caja.jpg\" \/><\/figure><\/div>\t\t\t<\/div>\n\t\t\t\t\t\t\t\t\t\t\t\t<div class=\"elementor-swiper-button elementor-swiper-button-prev\" role=\"button\" tabindex=\"0\">\n\t\t\t\t\t\t<svg aria-hidden=\"true\" class=\"e-font-icon-svg e-eicon-chevron-left\" viewBox=\"0 0 1000 1000\" xmlns=\"http:\/\/www.w3.org\/2000\/svg\"><path d=\"M646 125C629 125 613 133 604 142L308 442C296 454 292 471 292 487 292 504 296 521 308 533L604 854C617 867 629 875 646 875 663 875 679 871 692 858 704 846 713 829 713 812 713 796 708 779 692 767L438 487 692 225C700 217 708 204 708 187 708 171 704 154 692 142 675 129 663 125 646 125Z\"><\/path><\/svg>\t\t\t\t\t<\/div>\n\t\t\t\t\t<div class=\"elementor-swiper-button elementor-swiper-button-next\" role=\"button\" tabindex=\"0\">\n\t\t\t\t\t\t<svg aria-hidden=\"true\" class=\"e-font-icon-svg e-eicon-chevron-right\" viewBox=\"0 0 1000 1000\" xmlns=\"http:\/\/www.w3.org\/2000\/svg\"><path d=\"M696 533C708 521 713 504 713 487 713 471 708 454 696 446L400 146C388 133 375 125 354 125 338 125 325 129 313 142 300 154 292 171 292 187 292 204 296 221 308 233L563 492 304 771C292 783 288 800 288 817 288 833 296 850 308 863 321 871 338 875 354 875 371 875 388 867 400 854L696 533Z\"><\/path><\/svg>\t\t\t\t\t<\/div>\n\t\t\t\t\n\t\t\t\t\t\t\t\t\t<div class=\"swiper-pagination\"><\/div>\n\t\t\t\t\t\t\t\t\t<\/div>\n\t\t\t\t\t\t<\/div>\n\t\t\t\t<\/div>\n\t\t\t\t\t<\/div>\n\t\t<\/div>\n\t\t\t\t<div class=\"elementor-column elementor-col-50 elementor-top-column elementor-element elementor-element-7d75df8\" data-id=\"7d75df8\" data-element_type=\"column\">\n\t\t\t<div class=\"elementor-widget-wrap elementor-element-populated\">\n\t\t\t\t\t\t<div class=\"elementor-element elementor-element-5b83c571 elementor-widget elementor-widget-text-editor\" data-id=\"5b83c571\" data-element_type=\"widget\" data-widget_type=\"text-editor.default\">\n\t\t\t\t<div class=\"elementor-widget-container\">\n\t\t\t\t\t\t\t\t\t<p>K\u00fcrbis ist ein Gem\u00fcse, das zur Familie der <em>Cucurbitacias<\/em> geh\u00f6rt und dessen lateinischer Name <em>Cucurbita moschata ist.<\/em> Aufgrund seines hohen Gehalts an Vitamin A sowie den Vitaminen B, C und E werden diesem Gem\u00fcse wohltuende Wirkungen f\u00fcr die Augen zugeschrieben. Der K\u00fcrbis hilft der Verdauung, enth\u00e4lt wenig Kalorien und fast kein Fett. Dieses Gem\u00fcse ist eine gute Quelle f\u00fcr Ballaststoffe und hat eine starke antioxidative Wirkung, die an der Bildung von Kollagen, roten Blutk\u00f6rperchen und Knochen beteiligt ist. Es beg\u00fcnstigt auch die Aufnahme von Eisen aus der Nahrung und erh\u00f6ht die Widerstandskraft gegen Infektionen.<\/p>\n<p>Ceres Fresh bietet dieses Produkt praktisch das ganze Jahr \u00fcber an. Aus diesem Grund planen wir unseren Kalender in verschiedenen Produktionsgebieten, wobei wir uns haupts\u00e4chlich auf die Produktion in Spanien konzentrieren. Wir vertreiben den K\u00fcrbis sowohl in Kartons als auch gesch\u00e4lt, gehackt und vakuumverpackt.<\/p>\n<p>Die Form der Vakuumverpackung ist wie folgt: Zuerst wird der K\u00fcrbis in einer Sch\u00e4lmaschine gesch\u00e4lt, dann wird er gereinigt und in kleinere St\u00fccke geschnitten, um das Produkt in die Vakuum-Tiefziehmaschine zu geben. Somit h\u00e4lt der K\u00fcrbis l\u00e4nger, da er nicht mit Luft in Ber\u00fchrung kommt.<\/p>\n\t\t\t\t\t\t\t\t<\/div>\n\t\t\t\t<\/div>\n\t\t\t\t\t<\/div>\n\t\t<\/div>\n\t\t\t\t\t<\/div>\n\t\t<\/section>\n\t\t\t\t<section class=\"elementor-section elementor-top-section elementor-element elementor-element-5a129678 elementor-section-boxed elementor-section-height-default elementor-section-height-default\" data-id=\"5a129678\" data-element_type=\"section\">\n\t\t\t\t\t\t<div class=\"elementor-container elementor-column-gap-default\">\n\t\t\t\t\t<div class=\"elementor-column elementor-col-100 elementor-top-column elementor-element elementor-element-4c80a9\" data-id=\"4c80a9\" data-element_type=\"column\">\n\t\t\t<div class=\"elementor-widget-wrap elementor-element-populated\">\n\t\t\t\t\t\t<div class=\"elementor-element elementor-element-aca0919 elementor-widget elementor-widget-text-editor\" data-id=\"aca0919\" data-element_type=\"widget\" data-widget_type=\"text-editor.default\">\n\t\t\t\t<div class=\"elementor-widget-container\">\n\t\t\t\t\t\t\t\t\t<table style=\"height: 47px;\" width=\"629\">\n<tbody>\n<tr>\n<td style=\"width: 56.5px; text-align: center;\"> JAN<\/td>\n<td style=\"width: 56.5px; text-align: center;\">FEB<\/td>\n<td style=\"width: 56.5px; text-align: center;\">M\u00c4R<\/td>\n<td style=\"width: 56.5px; text-align: center;\">APR<\/td>\n<td style=\"width: 56.5px; text-align: center;\">MAI<\/td>\n<td style=\"width: 56.5px; text-align: center;\">JUN<\/td>\n<td style=\"width: 56.5px; text-align: center;\">JUL<\/td>\n<td style=\"width: 56.5px; text-align: center;\">AUG<\/td>\n<td style=\"width: 56.5px; text-align: center;\">SEP<\/td>\n<td style=\"width: 56.5px; text-align: center;\">OKT<\/td>\n<td style=\"width: 56.5px; text-align: center;\">NOV<\/td>\n<td style=\"width: 56.5px; text-align: center;\">DEZ<\/td>\n<\/tr>\n<tr>\n<td style=\"width: 56.5px; text-align: center; background-color: #8fb92a; color: #fff; font-weight: 600;\" colspan=\"4\">NATIONAL<\/td>\n<td style=\"width: 56.5px; text-align: center;\" colspan=\"3\"><\/td>\n<td style=\"width: 56.5px; text-align: center; background-color: #8fb92a; color: #fff; font-weight: 600;\" colspan=\"5\">NATIONAL<\/td>\n<\/tr>\n<tr>\n<td style=\"width: 56.5px; text-align: center;background-color:#fff;\" colspan=\"2\"><\/td>\n<td style=\"width: 56.5px; text-align: center; background-color: #3fa137; color: #fff; font-weight: 600;\" colspan=\"6\">IMPORT<\/td>\n<td style=\"width: 56.5px; text-align: center;background-color:#fff;\" colspan=\"4\"><\/td>\n<\/tr>\n<\/tbody>\n<\/table>\t\t\t\t\t\t\t\t<\/div>\n\t\t\t\t<\/div>\n\t\t\t\t\t<\/div>\n\t\t<\/div>\n\t\t\t\t\t<\/div>\n\t\t<\/section>\n\t\t\t\t<\/div>\n\t\t","protected":false},"excerpt":{"rendered":"<p>Unser Sortiment K\u00fcrbis ist ein Gem\u00fcse, das zur Familie der Cucurbitacias geh\u00f6rt und dessen lateinischer Name Cucurbita moschata ist. Aufgrund seines hohen Gehalts an Vitamin A sowie den Vitaminen B, C und E werden diesem Gem\u00fcse wohltuende Wirkungen f\u00fcr die Augen zugeschrieben. Der K\u00fcrbis hilft der Verdauung, enth\u00e4lt wenig Kalorien und fast kein Fett. Dieses [&hellip;]<\/p>\n","protected":false},"author":1,"featured_media":0,"parent":0,"menu_order":0,"comment_status":"closed","ping_status":"closed","template":"elementor_header_footer","meta":{"footnotes":""},"class_list":["post-359","page","type-page","status-publish","hentry"],"yoast_head":"<!-- This site is optimized with the Yoast SEO plugin v25.1 - https:\/\/yoast.com\/wordpress\/plugins\/seo\/ -->\n<title>K\u00fcrbis - Ceresfresh<\/title>\n<meta name=\"robots\" content=\"index, follow, max-snippet:-1, max-image-preview:large, max-video-preview:-1\" \/>\n<link rel=\"canonical\" href=\"https:\/\/ceresfresh.es\/de\/kuerbis\/\" \/>\n<meta property=\"og:locale\" content=\"de_DE\" \/>\n<meta property=\"og:type\" content=\"article\" \/>\n<meta property=\"og:title\" content=\"K\u00fcrbis - Ceresfresh\" \/>\n<meta property=\"og:description\" content=\"Unser Sortiment K\u00fcrbis ist ein Gem\u00fcse, das zur Familie der Cucurbitacias geh\u00f6rt und dessen lateinischer Name Cucurbita moschata ist. Aufgrund seines hohen Gehalts an Vitamin A sowie den Vitaminen B, C und E werden diesem Gem\u00fcse wohltuende Wirkungen f\u00fcr die Augen zugeschrieben. Der K\u00fcrbis hilft der Verdauung, enth\u00e4lt wenig Kalorien und fast kein Fett. Dieses [&hellip;]\" \/>\n<meta property=\"og:url\" content=\"https:\/\/ceresfresh.es\/de\/kuerbis\/\" \/>\n<meta property=\"og:site_name\" content=\"Ceresfresh\" \/>\n<meta property=\"article:modified_time\" content=\"2024-05-23T11:00:15+00:00\" \/>\n<meta property=\"og:image\" content=\"https:\/\/ceresfresh.es\/wp-content\/uploads\/2024\/05\/calabazas-caja.jpg\" \/>\n<meta name=\"twitter:card\" content=\"summary_large_image\" \/>\n<meta name=\"twitter:label1\" content=\"Gesch\u00e4tzte Lesezeit\" \/>\n\t<meta name=\"twitter:data1\" content=\"1\u00a0Minute\" \/>\n<script type=\"application\/ld+json\" class=\"yoast-schema-graph\">{\"@context\":\"https:\/\/schema.org\",\"@graph\":[{\"@type\":\"WebPage\",\"@id\":\"https:\/\/ceresfresh.es\/de\/kuerbis\/\",\"url\":\"https:\/\/ceresfresh.es\/de\/kuerbis\/\",\"name\":\"K\u00fcrbis - Ceresfresh\",\"isPartOf\":{\"@id\":\"https:\/\/ceresfresh.es\/de\/#website\"},\"primaryImageOfPage\":{\"@id\":\"https:\/\/ceresfresh.es\/de\/kuerbis\/#primaryimage\"},\"image\":{\"@id\":\"https:\/\/ceresfresh.es\/de\/kuerbis\/#primaryimage\"},\"thumbnailUrl\":\"https:\/\/ceresfresh.es\/wp-content\/uploads\/2024\/05\/calabazas-caja.jpg\",\"datePublished\":\"2024-05-21T08:53:11+00:00\",\"dateModified\":\"2024-05-23T11:00:15+00:00\",\"breadcrumb\":{\"@id\":\"https:\/\/ceresfresh.es\/de\/kuerbis\/#breadcrumb\"},\"inLanguage\":\"de\",\"potentialAction\":[{\"@type\":\"ReadAction\",\"target\":[\"https:\/\/ceresfresh.es\/de\/kuerbis\/\"]}]},{\"@type\":\"ImageObject\",\"inLanguage\":\"de\",\"@id\":\"https:\/\/ceresfresh.es\/de\/kuerbis\/#primaryimage\",\"url\":\"https:\/\/ceresfresh.es\/wp-content\/uploads\/2024\/05\/calabazas-caja.jpg\",\"contentUrl\":\"https:\/\/ceresfresh.es\/wp-content\/uploads\/2024\/05\/calabazas-caja.jpg\"},{\"@type\":\"BreadcrumbList\",\"@id\":\"https:\/\/ceresfresh.es\/de\/kuerbis\/#breadcrumb\",\"itemListElement\":[{\"@type\":\"ListItem\",\"position\":1,\"name\":\"Portada\",\"item\":\"https:\/\/ceresfresh.es\/de\/home\/\"},{\"@type\":\"ListItem\",\"position\":2,\"name\":\"K\u00fcrbis\"}]},{\"@type\":\"WebSite\",\"@id\":\"https:\/\/ceresfresh.es\/de\/#website\",\"url\":\"https:\/\/ceresfresh.es\/de\/\",\"name\":\"Ceresfresh\",\"description\":\"\",\"publisher\":{\"@id\":\"https:\/\/ceresfresh.es\/de\/#organization\"},\"potentialAction\":[{\"@type\":\"SearchAction\",\"target\":{\"@type\":\"EntryPoint\",\"urlTemplate\":\"https:\/\/ceresfresh.es\/de\/?s={search_term_string}\"},\"query-input\":{\"@type\":\"PropertyValueSpecification\",\"valueRequired\":true,\"valueName\":\"search_term_string\"}}],\"inLanguage\":\"de\"},{\"@type\":\"Organization\",\"@id\":\"https:\/\/ceresfresh.es\/de\/#organization\",\"name\":\"Ceresfresh\",\"url\":\"https:\/\/ceresfresh.es\/de\/\",\"logo\":{\"@type\":\"ImageObject\",\"inLanguage\":\"de\",\"@id\":\"https:\/\/ceresfresh.es\/de\/#\/schema\/logo\/image\/\",\"url\":\"https:\/\/ceresfresh.es\/wp-content\/uploads\/2024\/05\/logo-ceresfresh-min.png\",\"contentUrl\":\"https:\/\/ceresfresh.es\/wp-content\/uploads\/2024\/05\/logo-ceresfresh-min.png\",\"width\":4157,\"height\":2462,\"caption\":\"Ceresfresh\"},\"image\":{\"@id\":\"https:\/\/ceresfresh.es\/de\/#\/schema\/logo\/image\/\"}}]}<\/script>\n<!-- \/ Yoast SEO plugin. -->","yoast_head_json":{"title":"K\u00fcrbis - Ceresfresh","robots":{"index":"index","follow":"follow","max-snippet":"max-snippet:-1","max-image-preview":"max-image-preview:large","max-video-preview":"max-video-preview:-1"},"canonical":"https:\/\/ceresfresh.es\/de\/kuerbis\/","og_locale":"de_DE","og_type":"article","og_title":"K\u00fcrbis - Ceresfresh","og_description":"Unser Sortiment K\u00fcrbis ist ein Gem\u00fcse, das zur Familie der Cucurbitacias geh\u00f6rt und dessen lateinischer Name Cucurbita moschata ist. Aufgrund seines hohen Gehalts an Vitamin A sowie den Vitaminen B, C und E werden diesem Gem\u00fcse wohltuende Wirkungen f\u00fcr die Augen zugeschrieben. Der K\u00fcrbis hilft der Verdauung, enth\u00e4lt wenig Kalorien und fast kein Fett. Dieses [&hellip;]","og_url":"https:\/\/ceresfresh.es\/de\/kuerbis\/","og_site_name":"Ceresfresh","article_modified_time":"2024-05-23T11:00:15+00:00","og_image":[{"url":"https:\/\/ceresfresh.es\/wp-content\/uploads\/2024\/05\/calabazas-caja.jpg","type":"","width":"","height":""}],"twitter_card":"summary_large_image","twitter_misc":{"Gesch\u00e4tzte Lesezeit":"1\u00a0Minute"},"schema":{"@context":"https:\/\/schema.org","@graph":[{"@type":"WebPage","@id":"https:\/\/ceresfresh.es\/de\/kuerbis\/","url":"https:\/\/ceresfresh.es\/de\/kuerbis\/","name":"K\u00fcrbis - Ceresfresh","isPartOf":{"@id":"https:\/\/ceresfresh.es\/de\/#website"},"primaryImageOfPage":{"@id":"https:\/\/ceresfresh.es\/de\/kuerbis\/#primaryimage"},"image":{"@id":"https:\/\/ceresfresh.es\/de\/kuerbis\/#primaryimage"},"thumbnailUrl":"https:\/\/ceresfresh.es\/wp-content\/uploads\/2024\/05\/calabazas-caja.jpg","datePublished":"2024-05-21T08:53:11+00:00","dateModified":"2024-05-23T11:00:15+00:00","breadcrumb":{"@id":"https:\/\/ceresfresh.es\/de\/kuerbis\/#breadcrumb"},"inLanguage":"de","potentialAction":[{"@type":"ReadAction","target":["https:\/\/ceresfresh.es\/de\/kuerbis\/"]}]},{"@type":"ImageObject","inLanguage":"de","@id":"https:\/\/ceresfresh.es\/de\/kuerbis\/#primaryimage","url":"https:\/\/ceresfresh.es\/wp-content\/uploads\/2024\/05\/calabazas-caja.jpg","contentUrl":"https:\/\/ceresfresh.es\/wp-content\/uploads\/2024\/05\/calabazas-caja.jpg"},{"@type":"BreadcrumbList","@id":"https:\/\/ceresfresh.es\/de\/kuerbis\/#breadcrumb","itemListElement":[{"@type":"ListItem","position":1,"name":"Portada","item":"https:\/\/ceresfresh.es\/de\/home\/"},{"@type":"ListItem","position":2,"name":"K\u00fcrbis"}]},{"@type":"WebSite","@id":"https:\/\/ceresfresh.es\/de\/#website","url":"https:\/\/ceresfresh.es\/de\/","name":"Ceresfresh","description":"","publisher":{"@id":"https:\/\/ceresfresh.es\/de\/#organization"},"potentialAction":[{"@type":"SearchAction","target":{"@type":"EntryPoint","urlTemplate":"https:\/\/ceresfresh.es\/de\/?s={search_term_string}"},"query-input":{"@type":"PropertyValueSpecification","valueRequired":true,"valueName":"search_term_string"}}],"inLanguage":"de"},{"@type":"Organization","@id":"https:\/\/ceresfresh.es\/de\/#organization","name":"Ceresfresh","url":"https:\/\/ceresfresh.es\/de\/","logo":{"@type":"ImageObject","inLanguage":"de","@id":"https:\/\/ceresfresh.es\/de\/#\/schema\/logo\/image\/","url":"https:\/\/ceresfresh.es\/wp-content\/uploads\/2024\/05\/logo-ceresfresh-min.png","contentUrl":"https:\/\/ceresfresh.es\/wp-content\/uploads\/2024\/05\/logo-ceresfresh-min.png","width":4157,"height":2462,"caption":"Ceresfresh"},"image":{"@id":"https:\/\/ceresfresh.es\/de\/#\/schema\/logo\/image\/"}}]}},"_links":{"self":[{"href":"https:\/\/ceresfresh.es\/de\/wp-json\/wp\/v2\/pages\/359","targetHints":{"allow":["GET"]}}],"collection":[{"href":"https:\/\/ceresfresh.es\/de\/wp-json\/wp\/v2\/pages"}],"about":[{"href":"https:\/\/ceresfresh.es\/de\/wp-json\/wp\/v2\/types\/page"}],"author":[{"embeddable":true,"href":"https:\/\/ceresfresh.es\/de\/wp-json\/wp\/v2\/users\/1"}],"replies":[{"embeddable":true,"href":"https:\/\/ceresfresh.es\/de\/wp-json\/wp\/v2\/comments?post=359"}],"version-history":[{"count":1,"href":"https:\/\/ceresfresh.es\/de\/wp-json\/wp\/v2\/pages\/359\/revisions"}],"predecessor-version":[{"id":360,"href":"https:\/\/ceresfresh.es\/de\/wp-json\/wp\/v2\/pages\/359\/revisions\/360"}],"wp:attachment":[{"href":"https:\/\/ceresfresh.es\/de\/wp-json\/wp\/v2\/media?parent=359"}],"curies":[{"name":"wp","href":"https:\/\/api.w.org\/{rel}","templated":true}]}}