{"id":377,"date":"2024-05-21T08:52:32","date_gmt":"2024-05-21T08:52:32","guid":{"rendered":"https:\/\/ceresfresh.es\/index.php\/speiseruebe\/"},"modified":"2024-05-23T11:15:32","modified_gmt":"2024-05-23T11:15:32","slug":"speiseruebe","status":"publish","type":"page","link":"https:\/\/ceresfresh.es\/de\/speiseruebe\/","title":{"rendered":"Speiser\u00fcbe"},"content":{"rendered":"\t\t<div data-elementor-type=\"wp-page\" data-elementor-id=\"377\" class=\"elementor elementor-377 elementor-74\" data-elementor-post-type=\"page\">\n\t\t\t\t\t\t<section class=\"elementor-section elementor-top-section elementor-element elementor-element-110cde0f elementor-section-boxed elementor-section-height-default elementor-section-height-default\" data-id=\"110cde0f\" data-element_type=\"section\">\n\t\t\t\t\t\t<div class=\"elementor-container elementor-column-gap-default\">\n\t\t\t\t\t<div class=\"elementor-column elementor-col-100 elementor-top-column elementor-element elementor-element-1120628a\" data-id=\"1120628a\" data-element_type=\"column\">\n\t\t\t<div class=\"elementor-widget-wrap elementor-element-populated\">\n\t\t\t\t\t\t<div class=\"elementor-element elementor-element-4ba253e6 elementor-align-center elementor-widget elementor-widget-button\" data-id=\"4ba253e6\" data-element_type=\"widget\" data-widget_type=\"button.default\">\n\t\t\t\t<div class=\"elementor-widget-container\">\n\t\t\t\t\t\t\t\t\t<div class=\"elementor-button-wrapper\">\n\t\t\t\t\t<a class=\"elementor-button elementor-button-link elementor-size-sm\" href=\"https:\/\/ceresfresh.es\/de\/#productos\">\n\t\t\t\t\t\t<span class=\"elementor-button-content-wrapper\">\n\t\t\t\t\t\t\t\t\t<span class=\"elementor-button-text\">Unser Sortiment<\/span>\n\t\t\t\t\t<\/span>\n\t\t\t\t\t<\/a>\n\t\t\t\t<\/div>\n\t\t\t\t\t\t\t\t<\/div>\n\t\t\t\t<\/div>\n\t\t\t\t\t<\/div>\n\t\t<\/div>\n\t\t\t\t\t<\/div>\n\t\t<\/section>\n\t\t\t\t<section class=\"elementor-section elementor-top-section elementor-element elementor-element-76b8fe1d elementor-section-boxed elementor-section-height-default elementor-section-height-default\" data-id=\"76b8fe1d\" data-element_type=\"section\">\n\t\t\t\t\t\t<div class=\"elementor-container elementor-column-gap-default\">\n\t\t\t\t\t<div class=\"elementor-column elementor-col-50 elementor-top-column elementor-element elementor-element-37f0ac20\" data-id=\"37f0ac20\" data-element_type=\"column\">\n\t\t\t<div class=\"elementor-widget-wrap elementor-element-populated\">\n\t\t\t\t\t\t<div class=\"elementor-element elementor-element-64a20b58 elementor-arrows-position-inside elementor-pagination-position-outside elementor-widget elementor-widget-image-carousel\" data-id=\"64a20b58\" data-element_type=\"widget\" data-settings=\"{&quot;slides_to_show&quot;:&quot;1&quot;,&quot;navigation&quot;:&quot;both&quot;,&quot;autoplay&quot;:&quot;yes&quot;,&quot;pause_on_hover&quot;:&quot;yes&quot;,&quot;pause_on_interaction&quot;:&quot;yes&quot;,&quot;autoplay_speed&quot;:5000,&quot;infinite&quot;:&quot;yes&quot;,&quot;effect&quot;:&quot;slide&quot;,&quot;speed&quot;:500}\" data-widget_type=\"image-carousel.default\">\n\t\t\t\t<div class=\"elementor-widget-container\">\n\t\t\t\t\t\t\t<div class=\"elementor-image-carousel-wrapper swiper\" role=\"region\" aria-roledescription=\"carousel\" aria-label=\"Bild Karussell\" dir=\"ltr\">\n\t\t\t<div class=\"elementor-image-carousel swiper-wrapper\" aria-live=\"off\">\n\t\t\t\t\t\t\t\t<div class=\"swiper-slide\" role=\"group\" aria-roledescription=\"slide\" aria-label=\"1 von 3\"><figure class=\"swiper-slide-inner\"><img decoding=\"async\" class=\"swiper-slide-image\" src=\"https:\/\/ceresfresh.es\/wp-content\/uploads\/2024\/05\/caja-nabos-550x350-1.jpg\" alt=\"caja-nabos-550x350-1.jpg\" \/><\/figure><\/div><div class=\"swiper-slide\" role=\"group\" aria-roledescription=\"slide\" aria-label=\"2 von 3\"><figure class=\"swiper-slide-inner\"><img decoding=\"async\" class=\"swiper-slide-image\" src=\"https:\/\/ceresfresh.es\/wp-content\/uploads\/2024\/05\/nabo-martillo-conjunto.jpg\" alt=\"nabo-martillo-conjunto.jpg\" \/><\/figure><\/div><div class=\"swiper-slide\" role=\"group\" aria-roledescription=\"slide\" aria-label=\"3 von 3\"><figure class=\"swiper-slide-inner\"><img decoding=\"async\" class=\"swiper-slide-image\" src=\"https:\/\/ceresfresh.es\/wp-content\/uploads\/2024\/05\/nabo-martillo4.jpg\" alt=\"nabo-martillo4.jpg\" \/><\/figure><\/div>\t\t\t<\/div>\n\t\t\t\t\t\t\t\t\t\t\t\t<div class=\"elementor-swiper-button elementor-swiper-button-prev\" role=\"button\" tabindex=\"0\">\n\t\t\t\t\t\t<svg aria-hidden=\"true\" class=\"e-font-icon-svg e-eicon-chevron-left\" viewBox=\"0 0 1000 1000\" xmlns=\"http:\/\/www.w3.org\/2000\/svg\"><path d=\"M646 125C629 125 613 133 604 142L308 442C296 454 292 471 292 487 292 504 296 521 308 533L604 854C617 867 629 875 646 875 663 875 679 871 692 858 704 846 713 829 713 812 713 796 708 779 692 767L438 487 692 225C700 217 708 204 708 187 708 171 704 154 692 142 675 129 663 125 646 125Z\"><\/path><\/svg>\t\t\t\t\t<\/div>\n\t\t\t\t\t<div class=\"elementor-swiper-button elementor-swiper-button-next\" role=\"button\" tabindex=\"0\">\n\t\t\t\t\t\t<svg aria-hidden=\"true\" class=\"e-font-icon-svg e-eicon-chevron-right\" viewBox=\"0 0 1000 1000\" xmlns=\"http:\/\/www.w3.org\/2000\/svg\"><path d=\"M696 533C708 521 713 504 713 487 713 471 708 454 696 446L400 146C388 133 375 125 354 125 338 125 325 129 313 142 300 154 292 171 292 187 292 204 296 221 308 233L563 492 304 771C292 783 288 800 288 817 288 833 296 850 308 863 321 871 338 875 354 875 371 875 388 867 400 854L696 533Z\"><\/path><\/svg>\t\t\t\t\t<\/div>\n\t\t\t\t\n\t\t\t\t\t\t\t\t\t<div class=\"swiper-pagination\"><\/div>\n\t\t\t\t\t\t\t\t\t<\/div>\n\t\t\t\t\t\t<\/div>\n\t\t\t\t<\/div>\n\t\t\t\t\t<\/div>\n\t\t<\/div>\n\t\t\t\t<div class=\"elementor-column elementor-col-50 elementor-top-column elementor-element elementor-element-69d24d94\" data-id=\"69d24d94\" data-element_type=\"column\">\n\t\t\t<div class=\"elementor-widget-wrap elementor-element-populated\">\n\t\t\t\t\t\t<div class=\"elementor-element elementor-element-7de23a37 elementor-widget elementor-widget-text-editor\" data-id=\"7de23a37\" data-element_type=\"widget\" data-widget_type=\"text-editor.default\">\n\t\t\t\t<div class=\"elementor-widget-container\">\n\t\t\t\t\t\t\t\t\t<p>Die Speiser\u00fcbe ist ein Gem\u00fcse, das zur Familie der <em>Brassicaceae geh\u00f6rt<\/em>, deren lateinischer ist Name <em>Brassica napus L.<\/em> <\/p>\n<p>Das Hauptmerkmal, das die R\u00fcbensorten unterscheidet, liegt in der Wurzel. <\/p>\n<p>Diese kann mehr oder weniger verdickt, fleischig, kugelig, abgeflacht, konisch oder l\u00e4nglich sein. <\/p>\n<p>Die R\u00fcbe ist haupts\u00e4chlich wei\u00df.<\/p>\n<p> Wei\u00dfes Fleisch kann s\u00fc\u00df oder scharf schmecken, je nachdem, ob es sich um Futter f\u00fcr die Tierhaltung oder um Gem\u00fcse f\u00fcr den Endverbraucher, den Menschen, handelt.<\/p>\n<p><span style=\"letter-spacing: 0px;\">Dieses Gem\u00fcse ist reich an Vitamin K und hat auch Eisen, Kalzium, Phosphor, Kalium, Jod, Zink, Mangan, Natrium, Vitamin A, C, D, E und B-Vitamine.<\/span><\/p>\n<p>Wir k\u00f6nnen dieses Produkt das ganze Jahr \u00fcber anbieten. Bei Ceres Fresh planen wir unsere Ernten in verschiedenen Anbaugebieten und konzentrieren unsere Produktion auf Segovia und Valencia.<\/p>\n\t\t\t\t\t\t\t\t<\/div>\n\t\t\t\t<\/div>\n\t\t\t\t\t<\/div>\n\t\t<\/div>\n\t\t\t\t\t<\/div>\n\t\t<\/section>\n\t\t\t\t<section class=\"elementor-section elementor-top-section elementor-element elementor-element-6904cf3c elementor-section-boxed elementor-section-height-default elementor-section-height-default\" data-id=\"6904cf3c\" data-element_type=\"section\">\n\t\t\t\t\t\t<div class=\"elementor-container elementor-column-gap-default\">\n\t\t\t\t\t<div class=\"elementor-column elementor-col-100 elementor-top-column elementor-element elementor-element-3bd9df83\" data-id=\"3bd9df83\" data-element_type=\"column\">\n\t\t\t<div class=\"elementor-widget-wrap elementor-element-populated\">\n\t\t\t\t\t\t<div class=\"elementor-element elementor-element-5287d76 elementor-widget elementor-widget-text-editor\" data-id=\"5287d76\" data-element_type=\"widget\" data-widget_type=\"text-editor.default\">\n\t\t\t\t<div class=\"elementor-widget-container\">\n\t\t\t\t\t\t\t\t\t<table style=\"height: 47px;\" width=\"629\">\n<tbody>\n<tr>\n<td style=\"width: 56.5px; text-align: center;\"> JAN<\/td>\n<td style=\"width: 56.5px; text-align: center;\">FEB<\/td>\n<td style=\"width: 56.5px; text-align: center;\">M\u00c4R<\/td>\n<td style=\"width: 56.5px; text-align: center;\">APR<\/td>\n<td style=\"width: 56.5px; text-align: center;\">MAI<\/td>\n<td style=\"width: 56.5px; text-align: center;\">JUN<\/td>\n<td style=\"width: 56.5px; text-align: center;\">JUL<\/td>\n<td style=\"width: 56.5px; text-align: center;\">AUG<\/td>\n<td style=\"width: 56.5px; text-align: center;\">SEP<\/td>\n<td style=\"width: 56.5px; text-align: center;\">OKT<\/td>\n<td style=\"width: 56.5px; text-align: center;\">NOV<\/td>\n<td style=\"width: 56.5px; text-align: center;\">DEZ<\/td>\n<\/tr>\n<tr>\n<td style=\"width: 56.5px; text-align: center; background-color: #8fb92a;color:#fff;font-weight:600;\" colspan=\"6\">VALENCIA<\/td>\n<td style=\"width: 56.5px; text-align: center;\" colspan=\"3\"><\/td>\n<td style=\"width: 56.5px; text-align: center; background-color: #8fb92a;color:#fff;font-weight:600;\" colspan=\"3\">VALENCIA<\/td>\n<\/tr>\n<tr>\n<td style=\"width: 56.5px; text-align: center;background-color: #fff;\" colspan=\"6\"><\/td>\n<td style=\"width: 56.5px; text-align: center; background-color: #3fa137;color:#fff;font-weight:600;\" colspan=\"6\">SEGOVIA<\/td>\n<\/tr>\n<\/tbody>\n<\/table>\t\t\t\t\t\t\t\t<\/div>\n\t\t\t\t<\/div>\n\t\t\t\t\t<\/div>\n\t\t<\/div>\n\t\t\t\t\t<\/div>\n\t\t<\/section>\n\t\t\t\t<\/div>\n\t\t","protected":false},"excerpt":{"rendered":"<p>Unser Sortiment Die Speiser\u00fcbe ist ein Gem\u00fcse, das zur Familie der Brassicaceae geh\u00f6rt, deren lateinischer ist Name Brassica napus L. Das Hauptmerkmal, das die R\u00fcbensorten unterscheidet, liegt in der Wurzel. Diese kann mehr oder weniger verdickt, fleischig, kugelig, abgeflacht, konisch oder l\u00e4nglich sein. Die R\u00fcbe ist haupts\u00e4chlich wei\u00df. Wei\u00dfes Fleisch kann s\u00fc\u00df oder scharf schmecken, [&hellip;]<\/p>\n","protected":false},"author":1,"featured_media":0,"parent":0,"menu_order":0,"comment_status":"closed","ping_status":"closed","template":"elementor_header_footer","meta":{"footnotes":""},"class_list":["post-377","page","type-page","status-publish","hentry"],"yoast_head":"<!-- This site is optimized with the Yoast SEO plugin v25.1 - https:\/\/yoast.com\/wordpress\/plugins\/seo\/ -->\n<title>Speiser\u00fcbe - Ceresfresh<\/title>\n<meta name=\"robots\" content=\"index, follow, max-snippet:-1, max-image-preview:large, max-video-preview:-1\" \/>\n<link rel=\"canonical\" href=\"https:\/\/ceresfresh.es\/de\/speiseruebe\/\" \/>\n<meta property=\"og:locale\" content=\"de_DE\" \/>\n<meta property=\"og:type\" content=\"article\" \/>\n<meta property=\"og:title\" content=\"Speiser\u00fcbe - Ceresfresh\" \/>\n<meta property=\"og:description\" content=\"Unser Sortiment Die Speiser\u00fcbe ist ein Gem\u00fcse, das zur Familie der Brassicaceae geh\u00f6rt, deren lateinischer ist Name Brassica napus L. Das Hauptmerkmal, das die R\u00fcbensorten unterscheidet, liegt in der Wurzel. Diese kann mehr oder weniger verdickt, fleischig, kugelig, abgeflacht, konisch oder l\u00e4nglich sein. Die R\u00fcbe ist haupts\u00e4chlich wei\u00df. Wei\u00dfes Fleisch kann s\u00fc\u00df oder scharf schmecken, [&hellip;]\" \/>\n<meta property=\"og:url\" content=\"https:\/\/ceresfresh.es\/de\/speiseruebe\/\" \/>\n<meta property=\"og:site_name\" content=\"Ceresfresh\" \/>\n<meta property=\"article:modified_time\" content=\"2024-05-23T11:15:32+00:00\" \/>\n<meta property=\"og:image\" content=\"https:\/\/ceresfresh.es\/wp-content\/uploads\/2024\/05\/caja-nabos-550x350-1.jpg\" \/>\n<meta name=\"twitter:card\" content=\"summary_large_image\" \/>\n<meta name=\"twitter:label1\" content=\"Gesch\u00e4tzte Lesezeit\" \/>\n\t<meta name=\"twitter:data1\" content=\"1\u00a0Minute\" \/>\n<script type=\"application\/ld+json\" class=\"yoast-schema-graph\">{\"@context\":\"https:\/\/schema.org\",\"@graph\":[{\"@type\":\"WebPage\",\"@id\":\"https:\/\/ceresfresh.es\/de\/speiseruebe\/\",\"url\":\"https:\/\/ceresfresh.es\/de\/speiseruebe\/\",\"name\":\"Speiser\u00fcbe - Ceresfresh\",\"isPartOf\":{\"@id\":\"https:\/\/ceresfresh.es\/de\/#website\"},\"primaryImageOfPage\":{\"@id\":\"https:\/\/ceresfresh.es\/de\/speiseruebe\/#primaryimage\"},\"image\":{\"@id\":\"https:\/\/ceresfresh.es\/de\/speiseruebe\/#primaryimage\"},\"thumbnailUrl\":\"https:\/\/ceresfresh.es\/wp-content\/uploads\/2024\/05\/caja-nabos-550x350-1.jpg\",\"datePublished\":\"2024-05-21T08:52:32+00:00\",\"dateModified\":\"2024-05-23T11:15:32+00:00\",\"breadcrumb\":{\"@id\":\"https:\/\/ceresfresh.es\/de\/speiseruebe\/#breadcrumb\"},\"inLanguage\":\"de\",\"potentialAction\":[{\"@type\":\"ReadAction\",\"target\":[\"https:\/\/ceresfresh.es\/de\/speiseruebe\/\"]}]},{\"@type\":\"ImageObject\",\"inLanguage\":\"de\",\"@id\":\"https:\/\/ceresfresh.es\/de\/speiseruebe\/#primaryimage\",\"url\":\"https:\/\/ceresfresh.es\/wp-content\/uploads\/2024\/05\/caja-nabos-550x350-1.jpg\",\"contentUrl\":\"https:\/\/ceresfresh.es\/wp-content\/uploads\/2024\/05\/caja-nabos-550x350-1.jpg\"},{\"@type\":\"BreadcrumbList\",\"@id\":\"https:\/\/ceresfresh.es\/de\/speiseruebe\/#breadcrumb\",\"itemListElement\":[{\"@type\":\"ListItem\",\"position\":1,\"name\":\"Portada\",\"item\":\"https:\/\/ceresfresh.es\/de\/home\/\"},{\"@type\":\"ListItem\",\"position\":2,\"name\":\"Speiser\u00fcbe\"}]},{\"@type\":\"WebSite\",\"@id\":\"https:\/\/ceresfresh.es\/de\/#website\",\"url\":\"https:\/\/ceresfresh.es\/de\/\",\"name\":\"Ceresfresh\",\"description\":\"\",\"publisher\":{\"@id\":\"https:\/\/ceresfresh.es\/de\/#organization\"},\"potentialAction\":[{\"@type\":\"SearchAction\",\"target\":{\"@type\":\"EntryPoint\",\"urlTemplate\":\"https:\/\/ceresfresh.es\/de\/?s={search_term_string}\"},\"query-input\":{\"@type\":\"PropertyValueSpecification\",\"valueRequired\":true,\"valueName\":\"search_term_string\"}}],\"inLanguage\":\"de\"},{\"@type\":\"Organization\",\"@id\":\"https:\/\/ceresfresh.es\/de\/#organization\",\"name\":\"Ceresfresh\",\"url\":\"https:\/\/ceresfresh.es\/de\/\",\"logo\":{\"@type\":\"ImageObject\",\"inLanguage\":\"de\",\"@id\":\"https:\/\/ceresfresh.es\/de\/#\/schema\/logo\/image\/\",\"url\":\"https:\/\/ceresfresh.es\/wp-content\/uploads\/2024\/05\/logo-ceresfresh-min.png\",\"contentUrl\":\"https:\/\/ceresfresh.es\/wp-content\/uploads\/2024\/05\/logo-ceresfresh-min.png\",\"width\":4157,\"height\":2462,\"caption\":\"Ceresfresh\"},\"image\":{\"@id\":\"https:\/\/ceresfresh.es\/de\/#\/schema\/logo\/image\/\"}}]}<\/script>\n<!-- \/ Yoast SEO plugin. -->","yoast_head_json":{"title":"Speiser\u00fcbe - Ceresfresh","robots":{"index":"index","follow":"follow","max-snippet":"max-snippet:-1","max-image-preview":"max-image-preview:large","max-video-preview":"max-video-preview:-1"},"canonical":"https:\/\/ceresfresh.es\/de\/speiseruebe\/","og_locale":"de_DE","og_type":"article","og_title":"Speiser\u00fcbe - Ceresfresh","og_description":"Unser Sortiment Die Speiser\u00fcbe ist ein Gem\u00fcse, das zur Familie der Brassicaceae geh\u00f6rt, deren lateinischer ist Name Brassica napus L. Das Hauptmerkmal, das die R\u00fcbensorten unterscheidet, liegt in der Wurzel. Diese kann mehr oder weniger verdickt, fleischig, kugelig, abgeflacht, konisch oder l\u00e4nglich sein. Die R\u00fcbe ist haupts\u00e4chlich wei\u00df. Wei\u00dfes Fleisch kann s\u00fc\u00df oder scharf schmecken, [&hellip;]","og_url":"https:\/\/ceresfresh.es\/de\/speiseruebe\/","og_site_name":"Ceresfresh","article_modified_time":"2024-05-23T11:15:32+00:00","og_image":[{"url":"https:\/\/ceresfresh.es\/wp-content\/uploads\/2024\/05\/caja-nabos-550x350-1.jpg","type":"","width":"","height":""}],"twitter_card":"summary_large_image","twitter_misc":{"Gesch\u00e4tzte Lesezeit":"1\u00a0Minute"},"schema":{"@context":"https:\/\/schema.org","@graph":[{"@type":"WebPage","@id":"https:\/\/ceresfresh.es\/de\/speiseruebe\/","url":"https:\/\/ceresfresh.es\/de\/speiseruebe\/","name":"Speiser\u00fcbe - Ceresfresh","isPartOf":{"@id":"https:\/\/ceresfresh.es\/de\/#website"},"primaryImageOfPage":{"@id":"https:\/\/ceresfresh.es\/de\/speiseruebe\/#primaryimage"},"image":{"@id":"https:\/\/ceresfresh.es\/de\/speiseruebe\/#primaryimage"},"thumbnailUrl":"https:\/\/ceresfresh.es\/wp-content\/uploads\/2024\/05\/caja-nabos-550x350-1.jpg","datePublished":"2024-05-21T08:52:32+00:00","dateModified":"2024-05-23T11:15:32+00:00","breadcrumb":{"@id":"https:\/\/ceresfresh.es\/de\/speiseruebe\/#breadcrumb"},"inLanguage":"de","potentialAction":[{"@type":"ReadAction","target":["https:\/\/ceresfresh.es\/de\/speiseruebe\/"]}]},{"@type":"ImageObject","inLanguage":"de","@id":"https:\/\/ceresfresh.es\/de\/speiseruebe\/#primaryimage","url":"https:\/\/ceresfresh.es\/wp-content\/uploads\/2024\/05\/caja-nabos-550x350-1.jpg","contentUrl":"https:\/\/ceresfresh.es\/wp-content\/uploads\/2024\/05\/caja-nabos-550x350-1.jpg"},{"@type":"BreadcrumbList","@id":"https:\/\/ceresfresh.es\/de\/speiseruebe\/#breadcrumb","itemListElement":[{"@type":"ListItem","position":1,"name":"Portada","item":"https:\/\/ceresfresh.es\/de\/home\/"},{"@type":"ListItem","position":2,"name":"Speiser\u00fcbe"}]},{"@type":"WebSite","@id":"https:\/\/ceresfresh.es\/de\/#website","url":"https:\/\/ceresfresh.es\/de\/","name":"Ceresfresh","description":"","publisher":{"@id":"https:\/\/ceresfresh.es\/de\/#organization"},"potentialAction":[{"@type":"SearchAction","target":{"@type":"EntryPoint","urlTemplate":"https:\/\/ceresfresh.es\/de\/?s={search_term_string}"},"query-input":{"@type":"PropertyValueSpecification","valueRequired":true,"valueName":"search_term_string"}}],"inLanguage":"de"},{"@type":"Organization","@id":"https:\/\/ceresfresh.es\/de\/#organization","name":"Ceresfresh","url":"https:\/\/ceresfresh.es\/de\/","logo":{"@type":"ImageObject","inLanguage":"de","@id":"https:\/\/ceresfresh.es\/de\/#\/schema\/logo\/image\/","url":"https:\/\/ceresfresh.es\/wp-content\/uploads\/2024\/05\/logo-ceresfresh-min.png","contentUrl":"https:\/\/ceresfresh.es\/wp-content\/uploads\/2024\/05\/logo-ceresfresh-min.png","width":4157,"height":2462,"caption":"Ceresfresh"},"image":{"@id":"https:\/\/ceresfresh.es\/de\/#\/schema\/logo\/image\/"}}]}},"_links":{"self":[{"href":"https:\/\/ceresfresh.es\/de\/wp-json\/wp\/v2\/pages\/377","targetHints":{"allow":["GET"]}}],"collection":[{"href":"https:\/\/ceresfresh.es\/de\/wp-json\/wp\/v2\/pages"}],"about":[{"href":"https:\/\/ceresfresh.es\/de\/wp-json\/wp\/v2\/types\/page"}],"author":[{"embeddable":true,"href":"https:\/\/ceresfresh.es\/de\/wp-json\/wp\/v2\/users\/1"}],"replies":[{"embeddable":true,"href":"https:\/\/ceresfresh.es\/de\/wp-json\/wp\/v2\/comments?post=377"}],"version-history":[{"count":1,"href":"https:\/\/ceresfresh.es\/de\/wp-json\/wp\/v2\/pages\/377\/revisions"}],"predecessor-version":[{"id":378,"href":"https:\/\/ceresfresh.es\/de\/wp-json\/wp\/v2\/pages\/377\/revisions\/378"}],"wp:attachment":[{"href":"https:\/\/ceresfresh.es\/de\/wp-json\/wp\/v2\/media?parent=377"}],"curies":[{"name":"wp","href":"https:\/\/api.w.org\/{rel}","templated":true}]}}