{"id":379,"date":"2024-05-21T08:49:29","date_gmt":"2024-05-21T08:49:29","guid":{"rendered":"https:\/\/ceresfresh.es\/index.php\/ueber-uns\/"},"modified":"2024-05-23T11:17:47","modified_gmt":"2024-05-23T11:17:47","slug":"ueber-uns","status":"publish","type":"page","link":"https:\/\/ceresfresh.es\/de\/ueber-uns\/","title":{"rendered":"\u00dcBER UNS"},"content":{"rendered":"\t\t<div data-elementor-type=\"wp-page\" data-elementor-id=\"379\" class=\"elementor elementor-379 elementor-32\" data-elementor-post-type=\"page\">\n\t\t\t\t\t\t<section class=\"elementor-section elementor-top-section elementor-element elementor-element-4ab1e7ae elementor-section-boxed elementor-section-height-default elementor-section-height-default\" data-id=\"4ab1e7ae\" data-element_type=\"section\" data-settings=\"{&quot;background_background&quot;:&quot;classic&quot;}\">\n\t\t\t\t\t\t<div class=\"elementor-container elementor-column-gap-default\">\n\t\t\t\t\t<div class=\"elementor-column elementor-col-100 elementor-top-column elementor-element elementor-element-315fff27\" data-id=\"315fff27\" data-element_type=\"column\">\n\t\t\t<div class=\"elementor-widget-wrap elementor-element-populated\">\n\t\t\t\t\t\t<div class=\"elementor-element elementor-element-46665ed2 elementor-widget elementor-widget-heading\" data-id=\"46665ed2\" data-element_type=\"widget\" data-widget_type=\"heading.default\">\n\t\t\t\t<div class=\"elementor-widget-container\">\n\t\t\t\t\t<h1 class=\"elementor-heading-title elementor-size-default\">\u00dcBER UNS<\/h1>\t\t\t\t<\/div>\n\t\t\t\t<\/div>\n\t\t\t\t<div class=\"elementor-element elementor-element-20d6e0c1 elementor-widget elementor-widget-spacer\" data-id=\"20d6e0c1\" data-element_type=\"widget\" data-widget_type=\"spacer.default\">\n\t\t\t\t<div class=\"elementor-widget-container\">\n\t\t\t\t\t\t\t<div class=\"elementor-spacer\">\n\t\t\t<div class=\"elementor-spacer-inner\"><\/div>\n\t\t<\/div>\n\t\t\t\t\t\t<\/div>\n\t\t\t\t<\/div>\n\t\t\t\t<div class=\"elementor-element elementor-element-24d3f4aa elementor-widget elementor-widget-text-editor\" data-id=\"24d3f4aa\" data-element_type=\"widget\" data-widget_type=\"text-editor.default\">\n\t\t\t\t<div class=\"elementor-widget-container\">\n\t\t\t\t\t\t\t\t\t<p><span style=\"font-weight: 400;\">CERES FRESH ist ein junges Unternehmen mit erfahrenen Mitgliedern in der Gesch\u00e4ftsf\u00fchrung und Produktion. Wir sind spezialisiert in der Produktion und Vermarktung von Obst und Gem\u00fcse aus Valencia.<\/span><\/p>\n\t\t\t\t\t\t\t\t<\/div>\n\t\t\t\t<\/div>\n\t\t\t\t\t<\/div>\n\t\t<\/div>\n\t\t\t\t\t<\/div>\n\t\t<\/section>\n\t\t\t\t<section class=\"elementor-section elementor-top-section elementor-element elementor-element-20f8b417 elementor-section-boxed elementor-section-height-default elementor-section-height-default\" data-id=\"20f8b417\" data-element_type=\"section\">\n\t\t\t\t\t\t<div class=\"elementor-container elementor-column-gap-default\">\n\t\t\t\t\t<div class=\"elementor-column elementor-col-100 elementor-top-column elementor-element elementor-element-156b548f\" data-id=\"156b548f\" data-element_type=\"column\">\n\t\t\t<div class=\"elementor-widget-wrap\">\n\t\t\t\t\t\t\t<\/div>\n\t\t<\/div>\n\t\t\t\t\t<\/div>\n\t\t<\/section>\n\t\t\t\t<section class=\"elementor-section elementor-top-section elementor-element elementor-element-371491b3 elementor-section-boxed elementor-section-height-default elementor-section-height-default\" data-id=\"371491b3\" data-element_type=\"section\">\n\t\t\t\t\t\t<div class=\"elementor-container elementor-column-gap-default\">\n\t\t\t\t\t<div class=\"elementor-column elementor-col-50 elementor-top-column elementor-element elementor-element-15d2bdcd elementor-invisible\" data-id=\"15d2bdcd\" data-element_type=\"column\" data-settings=\"{&quot;animation&quot;:&quot;fadeInLeft&quot;}\">\n\t\t\t<div class=\"elementor-widget-wrap elementor-element-populated\">\n\t\t\t\t\t\t<div class=\"elementor-element elementor-element-dabe9a1 elementor-widget elementor-widget-heading\" data-id=\"dabe9a1\" data-element_type=\"widget\" data-widget_type=\"heading.default\">\n\t\t\t\t<div class=\"elementor-widget-container\">\n\t\t\t\t\t<h2 class=\"elementor-heading-title elementor-size-default\">Die Zukunft des Obst- und Gem\u00fcsesektors<\/h2>\t\t\t\t<\/div>\n\t\t\t\t<\/div>\n\t\t\t\t<div class=\"elementor-element elementor-element-c87d5bb elementor-tabs-view-horizontal elementor-widget elementor-widget-tabs\" data-id=\"c87d5bb\" data-element_type=\"widget\" data-widget_type=\"tabs.default\">\n\t\t\t\t<div class=\"elementor-widget-container\">\n\t\t\t\t\t\t\t<div class=\"elementor-tabs\">\n\t\t\t<div class=\"elementor-tabs-wrapper\" role=\"tablist\" >\n\t\t\t\t\t\t\t\t\t<div id=\"elementor-tab-title-2101\" class=\"elementor-tab-title elementor-tab-desktop-title\" aria-selected=\"true\" data-tab=\"1\" role=\"tab\" tabindex=\"0\" aria-controls=\"elementor-tab-content-2101\" aria-expanded=\"false\">UNTERNEHMEN<\/div>\n\t\t\t\t\t\t\t\t\t<div id=\"elementor-tab-title-2102\" class=\"elementor-tab-title elementor-tab-desktop-title\" aria-selected=\"false\" data-tab=\"2\" role=\"tab\" tabindex=\"-1\" aria-controls=\"elementor-tab-content-2102\" aria-expanded=\"false\">MISSION<\/div>\n\t\t\t\t\t\t\t\t\t<div id=\"elementor-tab-title-2103\" class=\"elementor-tab-title elementor-tab-desktop-title\" aria-selected=\"false\" data-tab=\"3\" role=\"tab\" tabindex=\"-1\" aria-controls=\"elementor-tab-content-2103\" aria-expanded=\"false\">VISION<\/div>\n\t\t\t\t\t\t\t<\/div>\n\t\t\t<div class=\"elementor-tabs-content-wrapper\" role=\"tablist\" aria-orientation=\"vertical\">\n\t\t\t\t\t\t\t\t\t<div class=\"elementor-tab-title elementor-tab-mobile-title\" aria-selected=\"true\" data-tab=\"1\" role=\"tab\" tabindex=\"0\" aria-controls=\"elementor-tab-content-2101\" aria-expanded=\"false\">UNTERNEHMEN<\/div>\n\t\t\t\t\t<div id=\"elementor-tab-content-2101\" class=\"elementor-tab-content elementor-clearfix\" data-tab=\"1\" role=\"tabpanel\" aria-labelledby=\"elementor-tab-title-2101\" tabindex=\"0\" hidden=\"false\"><p>CERES FRESH ist ein in Valencia ans\u00e4ssiges Unternehmen mit langj\u00e4hriger Markterfahrung in der Obst- und Gemu\u0308sebranche.<\/p>\n<p>Wir sind ein erfahrenes Team, das Ihnen gerne bereitsteht und das auf die anspruchsvollsten Bed\u00fcrfnisse eingeht.<\/p>\n<\/div>\n\t\t\t\t\t\t\t\t\t<div class=\"elementor-tab-title elementor-tab-mobile-title\" aria-selected=\"false\" data-tab=\"2\" role=\"tab\" tabindex=\"-1\" aria-controls=\"elementor-tab-content-2102\" aria-expanded=\"false\">MISSION<\/div>\n\t\t\t\t\t<div id=\"elementor-tab-content-2102\" class=\"elementor-tab-content elementor-clearfix\" data-tab=\"2\" role=\"tabpanel\" aria-labelledby=\"elementor-tab-title-2102\" tabindex=\"0\" hidden=\"hidden\"><p>Organisation, Transparenz, Klarheit, Zuverl\u00e4ssigkeit und Sicherheit definieren wer wir sind.<\/p>\n<p>T\u00e4gliche und konstante Arbeit, die sich in Qualit\u00e4t, Wachstum und Differenzierung gegen\u00fcber der Konkurrenz widerspiegelt.<\/p>\n<\/div>\n\t\t\t\t\t\t\t\t\t<div class=\"elementor-tab-title elementor-tab-mobile-title\" aria-selected=\"false\" data-tab=\"3\" role=\"tab\" tabindex=\"-1\" aria-controls=\"elementor-tab-content-2103\" aria-expanded=\"false\">VISION<\/div>\n\t\t\t\t\t<div id=\"elementor-tab-content-2103\" class=\"elementor-tab-content elementor-clearfix\" data-tab=\"3\" role=\"tabpanel\" aria-labelledby=\"elementor-tab-title-2103\" tabindex=\"0\" hidden=\"hidden\"><p>Das Referenzunternehmen im Lebensmittelsektor zu werden und dass wir im Ged\u00e4chtnis unserer Kunden als Synonym f\u00fcr Qualit\u00e4t und Zuverl\u00e4ssigkeit stehen.<\/p>\n<\/div>\n\t\t\t\t\t\t\t<\/div>\n\t\t<\/div>\n\t\t\t\t\t\t<\/div>\n\t\t\t\t<\/div>\n\t\t\t\t\t<\/div>\n\t\t<\/div>\n\t\t\t\t<div class=\"elementor-column elementor-col-50 elementor-top-column elementor-element elementor-element-4f7a80a7 elementor-invisible\" data-id=\"4f7a80a7\" data-element_type=\"column\" data-settings=\"{&quot;animation&quot;:&quot;fadeInRight&quot;}\">\n\t\t\t<div class=\"elementor-widget-wrap elementor-element-populated\">\n\t\t\t\t\t\t<div class=\"elementor-element elementor-element-206e299 elementor-skin-slideshow elementor-arrows-yes elementor-widget elementor-widget-media-carousel\" data-id=\"206e299\" data-element_type=\"widget\" data-settings=\"{&quot;skin&quot;:&quot;slideshow&quot;,&quot;effect&quot;:&quot;fade&quot;,&quot;autoplay_speed&quot;:4000,&quot;show_arrows&quot;:&quot;yes&quot;,&quot;speed&quot;:500,&quot;autoplay&quot;:&quot;yes&quot;,&quot;loop&quot;:&quot;yes&quot;,&quot;pause_on_interaction&quot;:&quot;yes&quot;,&quot;space_between&quot;:{&quot;unit&quot;:&quot;px&quot;,&quot;size&quot;:10,&quot;sizes&quot;:[]},&quot;space_between_tablet&quot;:{&quot;unit&quot;:&quot;px&quot;,&quot;size&quot;:10,&quot;sizes&quot;:[]},&quot;space_between_mobile&quot;:{&quot;unit&quot;:&quot;px&quot;,&quot;size&quot;:10,&quot;sizes&quot;:[]}}\" data-widget_type=\"media-carousel.default\">\n\t\t\t\t<div class=\"elementor-widget-container\">\n\t\t\t\t\t\t\t\t\t<div class=\"elementor-swiper\">\n\t\t\t\t\t<div class=\"elementor-main-swiper swiper\" role=\"region\" aria-roledescription=\"carousel\" aria-label=\"Slider\">\n\t\t\t\t<div class=\"swiper-wrapper\">\n\t\t\t\t\t\t\t\t\t\t\t<div class=\"swiper-slide\" role=\"group\" aria-roledescription=\"slide\">\n\t\t\t\t\t\t\t\t\t<div class=\"elementor-carousel-image\" role=\"img\" aria-label=\"Campos-ceresfresh19-scaled\" style=\"background-image: url(&#039;https:\/\/ceresfresh.es\/wp-content\/uploads\/2024\/05\/Campos-ceresfresh19-scaled-1.jpeg&#039;)\">\n\n\t\t\t\n\t\t\t\t\t<\/div>\n\t\t\t\t\t\t\t\t<\/div>\n\t\t\t\t\t\t\t\t\t\t\t<div class=\"swiper-slide\" role=\"group\" aria-roledescription=\"slide\">\n\t\t\t\t\t\t\t\t\t<div class=\"elementor-carousel-image\" role=\"img\" aria-label=\"Campos-ceresfresh9-scaled\" style=\"background-image: url(&#039;https:\/\/ceresfresh.es\/wp-content\/uploads\/2024\/05\/Campos-ceresfresh9-scaled-1.jpeg&#039;)\">\n\n\t\t\t\n\t\t\t\t\t<\/div>\n\t\t\t\t\t\t\t\t<\/div>\n\t\t\t\t\t\t\t\t\t\t\t<div class=\"swiper-slide\" role=\"group\" aria-roledescription=\"slide\">\n\t\t\t\t\t\t\t\t\t<div class=\"elementor-carousel-image\" role=\"img\" aria-label=\"Campos-ceresfresh5-scaled\" style=\"background-image: url(&#039;https:\/\/ceresfresh.es\/wp-content\/uploads\/2024\/05\/Campos-ceresfresh5-scaled-1.jpeg&#039;)\">\n\n\t\t\t\n\t\t\t\t\t<\/div>\n\t\t\t\t\t\t\t\t<\/div>\n\t\t\t\t\t\t\t\t\t\t\t<div class=\"swiper-slide\" role=\"group\" aria-roledescription=\"slide\">\n\t\t\t\t\t\t\t\t\t<div class=\"elementor-carousel-image\" role=\"img\" aria-label=\"Campos-ceresfresh18-scaled\" style=\"background-image: url(&#039;https:\/\/ceresfresh.es\/wp-content\/uploads\/2024\/05\/Campos-ceresfresh18-scaled-1.jpeg&#039;)\">\n\n\t\t\t\n\t\t\t\t\t<\/div>\n\t\t\t\t\t\t\t\t<\/div>\n\t\t\t\t\t\t\t\t\t<\/div>\n\t\t\t\t\t\t\t\t\t\t\t\t\t\t\t<div class=\"elementor-swiper-button elementor-swiper-button-prev\" role=\"button\" tabindex=\"0\" aria-label=\"Voriger\">\n\t\t\t\t\t\t\t<svg aria-hidden=\"true\" class=\"e-font-icon-svg e-eicon-chevron-left\" viewBox=\"0 0 1000 1000\" xmlns=\"http:\/\/www.w3.org\/2000\/svg\"><path d=\"M646 125C629 125 613 133 604 142L308 442C296 454 292 471 292 487 292 504 296 521 308 533L604 854C617 867 629 875 646 875 663 875 679 871 692 858 704 846 713 829 713 812 713 796 708 779 692 767L438 487 692 225C700 217 708 204 708 187 708 171 704 154 692 142 675 129 663 125 646 125Z\"><\/path><\/svg>\t\t\t\t\t\t<\/div>\n\t\t\t\t\t\t<div class=\"elementor-swiper-button elementor-swiper-button-next\" role=\"button\" tabindex=\"0\" aria-label=\"N\u00e4chster\">\n\t\t\t\t\t\t\t<svg aria-hidden=\"true\" class=\"e-font-icon-svg e-eicon-chevron-right\" viewBox=\"0 0 1000 1000\" xmlns=\"http:\/\/www.w3.org\/2000\/svg\"><path d=\"M696 533C708 521 713 504 713 487 713 471 708 454 696 446L400 146C388 133 375 125 354 125 338 125 325 129 313 142 300 154 292 171 292 187 292 204 296 221 308 233L563 492 304 771C292 783 288 800 288 817 288 833 296 850 308 863 321 871 338 875 354 875 371 875 388 867 400 854L696 533Z\"><\/path><\/svg>\t\t\t\t\t\t<\/div>\n\t\t\t\t\t\t\t\t\t\t\t\t\t\t\t\t\t<\/div>\n\t\t\t\t<\/div>\n\t\t\t\t\t\t\t\t<div class=\"elementor-swiper\">\n\t\t\t\t\t<div class=\"elementor-main-swiper swiper elementor-thumbnails-swiper swiper\" role=\"region region\" aria-roledescription=\"carousel carousel\" aria-label=\"Slider Slider\">\n\t\t\t\t<div class=\"swiper-wrapper\">\n\t\t\t\t\t\t\t\t\t\t\t<div class=\"swiper-slide\" role=\"group\" aria-roledescription=\"slide\">\n\t\t\t\t\t\t\t\t\t<div class=\"elementor-carousel-image\" role=\"img\" aria-label=\"Campos-ceresfresh19-scaled\" style=\"background-image: url(&#039;https:\/\/ceresfresh.es\/wp-content\/uploads\/2024\/05\/Campos-ceresfresh19-scaled-1.jpeg&#039;)\">\n\n\t\t\t\n\t\t\t\t\t<\/div>\n\t\t\t\t\t\t\t\t<\/div>\n\t\t\t\t\t\t\t\t\t\t\t<div class=\"swiper-slide\" role=\"group\" aria-roledescription=\"slide\">\n\t\t\t\t\t\t\t\t\t<div class=\"elementor-carousel-image\" role=\"img\" aria-label=\"Campos-ceresfresh9-scaled\" style=\"background-image: url(&#039;https:\/\/ceresfresh.es\/wp-content\/uploads\/2024\/05\/Campos-ceresfresh9-scaled-1.jpeg&#039;)\">\n\n\t\t\t\n\t\t\t\t\t<\/div>\n\t\t\t\t\t\t\t\t<\/div>\n\t\t\t\t\t\t\t\t\t\t\t<div class=\"swiper-slide\" role=\"group\" aria-roledescription=\"slide\">\n\t\t\t\t\t\t\t\t\t<div class=\"elementor-carousel-image\" role=\"img\" aria-label=\"Campos-ceresfresh5-scaled\" style=\"background-image: url(&#039;https:\/\/ceresfresh.es\/wp-content\/uploads\/2024\/05\/Campos-ceresfresh5-scaled-1.jpeg&#039;)\">\n\n\t\t\t\n\t\t\t\t\t<\/div>\n\t\t\t\t\t\t\t\t<\/div>\n\t\t\t\t\t\t\t\t\t\t\t<div class=\"swiper-slide\" role=\"group\" aria-roledescription=\"slide\">\n\t\t\t\t\t\t\t\t\t<div class=\"elementor-carousel-image\" role=\"img\" aria-label=\"Campos-ceresfresh18-scaled\" style=\"background-image: url(&#039;https:\/\/ceresfresh.es\/wp-content\/uploads\/2024\/05\/Campos-ceresfresh18-scaled-1.jpeg&#039;)\">\n\n\t\t\t\n\t\t\t\t\t<\/div>\n\t\t\t\t\t\t\t\t<\/div>\n\t\t\t\t\t\t\t\t\t<\/div>\n\t\t\t\t\t\t\t\t\t\t\t\t\t\t\t\t\t\t\t\t\t<\/div>\n\t\t\t\t<\/div>\n\t\t\t\t\t\t\t\t<\/div>\n\t\t\t\t<\/div>\n\t\t\t\t\t<\/div>\n\t\t<\/div>\n\t\t\t\t\t<\/div>\n\t\t<\/section>\n\t\t\t\t<section class=\"elementor-section elementor-top-section elementor-element elementor-element-3511b650 elementor-section-full_width elementor-section-stretched elementor-section-height-default elementor-section-height-default\" data-id=\"3511b650\" data-element_type=\"section\" data-settings=\"{&quot;background_background&quot;:&quot;classic&quot;,&quot;stretch_section&quot;:&quot;section-stretched&quot;}\">\n\t\t\t\t\t\t<div class=\"elementor-container elementor-column-gap-default\">\n\t\t\t\t\t<div class=\"elementor-column elementor-col-100 elementor-top-column elementor-element elementor-element-7fd660cf\" data-id=\"7fd660cf\" data-element_type=\"column\" data-settings=\"{&quot;background_background&quot;:&quot;gradient&quot;}\">\n\t\t\t<div class=\"elementor-widget-wrap elementor-element-populated\">\n\t\t\t\t\t\t<div class=\"elementor-element elementor-element-f7e98c9 elementor-widget elementor-widget-text-editor\" data-id=\"f7e98c9\" data-element_type=\"widget\" data-widget_type=\"text-editor.default\">\n\t\t\t\t<div class=\"elementor-widget-container\">\n\t\t\t\t\t\t\t\t\t<p>Unser Ziel ist es, Produkte anzubieten, bei denen Qualit\u00e4t und Frische an erster Stelle stehen und alle Lebensmittelsicherheitsstandards erf\u00fcllt werden. Daf\u00fcr haben wir strenge Kontrollen in allen Prozessen sowie hochqualifiziertes Personal in der Branche (von unseren Saatgutlieferanten, G\u00e4rtnereien, Landwirten, Lagerarbeiter bis hinzu unseren Produktions- und Qualit\u00e4tstechnikern), die f\u00fcr die Durchf\u00fchrung der entsprechenden Kontrollen vom Beginn des Produktionsprozesses bis zur Auslieferung an unsere Kunden verantwortlich sind. Auf diese Weise k\u00f6nnen wir die R\u00fcckverfolgbarkeit des Produkts w\u00e4hrend des gesamten Prozesses sicherstellen. So ist sichergestellt, dass der BOSS immer ein BESONDERES Produkt hat.<\/p>\n<p>Richtlinien des Unternehmens sind Glaubw\u00fcrdigkeit, Ausdauer und harte Arbeit, die es uns erm\u00f6glicht haben, T\u00fcren in verschiedenen M\u00e4rkten zu \u00f6ffnen und die Beziehungen mit verschiedenen Kunden weiter auszubauen.<\/p>\n<p>Wir haben das <a href=\"https:\/\/ceresfresh.es\/certificado-global-gap\/\" target=\"_blank\" rel=\"noopener\">Global Gap-Zertifikat Nr. GGN: 4063061685803,<\/a> weil wir sicher sind, dass seine Anwendung es uns erm\u00f6glicht, unser Produktionssystem und die Qualit\u00e4t und den Service f\u00fcr unsere Kunden zu verbessern.<\/p>\n<p><a href=\"https:\/\/ceresfresh.es\/certificado-global-gap\/\" target=\"_blank\" rel=\"noopener\"><img fetchpriority=\"high\" decoding=\"async\" class=\"alignnone wp-image-887 size-medium\" title=\"Certificado Global Gap\" src=\"https:\/\/ceresfresh.es\/wp-content\/uploads\/2021\/04\/logo-gobalgap-sin-fondo-300x172.png\" alt=\"\" width=\"300\" height=\"172\"><\/a><\/p>\n\t\t\t\t\t\t\t\t<\/div>\n\t\t\t\t<\/div>\n\t\t\t\t\t<\/div>\n\t\t<\/div>\n\t\t\t\t\t<\/div>\n\t\t<\/section>\n\t\t\t\t<\/div>\n\t\t","protected":false},"excerpt":{"rendered":"<p>\u00dcBER UNS CERES FRESH ist ein junges Unternehmen mit erfahrenen Mitgliedern in der Gesch\u00e4ftsf\u00fchrung und Produktion. Wir sind spezialisiert in der Produktion und Vermarktung von Obst und Gem\u00fcse aus Valencia. Die Zukunft des Obst- und Gem\u00fcsesektors UNTERNEHMEN MISSION VISION UNTERNEHMEN CERES FRESH ist ein in Valencia ans\u00e4ssiges Unternehmen mit langj\u00e4hriger Markterfahrung in der Obst- und [&hellip;]<\/p>\n","protected":false},"author":1,"featured_media":0,"parent":0,"menu_order":0,"comment_status":"closed","ping_status":"closed","template":"elementor_header_footer","meta":{"footnotes":""},"class_list":["post-379","page","type-page","status-publish","hentry"],"yoast_head":"<!-- This site is optimized with the Yoast SEO plugin v25.1 - https:\/\/yoast.com\/wordpress\/plugins\/seo\/ -->\n<title>\u00dcBER UNS - Ceresfresh<\/title>\n<meta name=\"robots\" content=\"index, follow, max-snippet:-1, max-image-preview:large, max-video-preview:-1\" \/>\n<link rel=\"canonical\" href=\"https:\/\/ceresfresh.es\/de\/ueber-uns\/\" \/>\n<meta property=\"og:locale\" content=\"de_DE\" \/>\n<meta property=\"og:type\" content=\"article\" \/>\n<meta property=\"og:title\" content=\"\u00dcBER UNS - Ceresfresh\" \/>\n<meta property=\"og:description\" content=\"\u00dcBER UNS CERES FRESH ist ein junges Unternehmen mit erfahrenen Mitgliedern in der Gesch\u00e4ftsf\u00fchrung und Produktion. Wir sind spezialisiert in der Produktion und Vermarktung von Obst und Gem\u00fcse aus Valencia. Die Zukunft des Obst- und Gem\u00fcsesektors UNTERNEHMEN MISSION VISION UNTERNEHMEN CERES FRESH ist ein in Valencia ans\u00e4ssiges Unternehmen mit langj\u00e4hriger Markterfahrung in der Obst- und [&hellip;]\" \/>\n<meta property=\"og:url\" content=\"https:\/\/ceresfresh.es\/de\/ueber-uns\/\" \/>\n<meta property=\"og:site_name\" content=\"Ceresfresh\" \/>\n<meta property=\"article:modified_time\" content=\"2024-05-23T11:17:47+00:00\" \/>\n<meta property=\"og:image\" content=\"https:\/\/ceresfresh.es\/wp-content\/uploads\/2021\/04\/logo-gobalgap-sin-fondo-300x172.png\" \/>\n<meta name=\"twitter:card\" content=\"summary_large_image\" \/>\n<meta name=\"twitter:label1\" content=\"Gesch\u00e4tzte Lesezeit\" \/>\n\t<meta name=\"twitter:data1\" content=\"2\u00a0Minuten\" \/>\n<script type=\"application\/ld+json\" class=\"yoast-schema-graph\">{\"@context\":\"https:\/\/schema.org\",\"@graph\":[{\"@type\":\"WebPage\",\"@id\":\"https:\/\/ceresfresh.es\/de\/ueber-uns\/\",\"url\":\"https:\/\/ceresfresh.es\/de\/ueber-uns\/\",\"name\":\"\u00dcBER UNS - Ceresfresh\",\"isPartOf\":{\"@id\":\"https:\/\/ceresfresh.es\/de\/#website\"},\"primaryImageOfPage\":{\"@id\":\"https:\/\/ceresfresh.es\/de\/ueber-uns\/#primaryimage\"},\"image\":{\"@id\":\"https:\/\/ceresfresh.es\/de\/ueber-uns\/#primaryimage\"},\"thumbnailUrl\":\"https:\/\/ceresfresh.es\/wp-content\/uploads\/2021\/04\/logo-gobalgap-sin-fondo-300x172.png\",\"datePublished\":\"2024-05-21T08:49:29+00:00\",\"dateModified\":\"2024-05-23T11:17:47+00:00\",\"breadcrumb\":{\"@id\":\"https:\/\/ceresfresh.es\/de\/ueber-uns\/#breadcrumb\"},\"inLanguage\":\"de\",\"potentialAction\":[{\"@type\":\"ReadAction\",\"target\":[\"https:\/\/ceresfresh.es\/de\/ueber-uns\/\"]}]},{\"@type\":\"ImageObject\",\"inLanguage\":\"de\",\"@id\":\"https:\/\/ceresfresh.es\/de\/ueber-uns\/#primaryimage\",\"url\":\"https:\/\/ceresfresh.es\/wp-content\/uploads\/2021\/04\/logo-gobalgap-sin-fondo-300x172.png\",\"contentUrl\":\"https:\/\/ceresfresh.es\/wp-content\/uploads\/2021\/04\/logo-gobalgap-sin-fondo-300x172.png\"},{\"@type\":\"BreadcrumbList\",\"@id\":\"https:\/\/ceresfresh.es\/de\/ueber-uns\/#breadcrumb\",\"itemListElement\":[{\"@type\":\"ListItem\",\"position\":1,\"name\":\"Portada\",\"item\":\"https:\/\/ceresfresh.es\/de\/home\/\"},{\"@type\":\"ListItem\",\"position\":2,\"name\":\"\u00dcBER UNS\"}]},{\"@type\":\"WebSite\",\"@id\":\"https:\/\/ceresfresh.es\/de\/#website\",\"url\":\"https:\/\/ceresfresh.es\/de\/\",\"name\":\"Ceresfresh\",\"description\":\"\",\"publisher\":{\"@id\":\"https:\/\/ceresfresh.es\/de\/#organization\"},\"potentialAction\":[{\"@type\":\"SearchAction\",\"target\":{\"@type\":\"EntryPoint\",\"urlTemplate\":\"https:\/\/ceresfresh.es\/de\/?s={search_term_string}\"},\"query-input\":{\"@type\":\"PropertyValueSpecification\",\"valueRequired\":true,\"valueName\":\"search_term_string\"}}],\"inLanguage\":\"de\"},{\"@type\":\"Organization\",\"@id\":\"https:\/\/ceresfresh.es\/de\/#organization\",\"name\":\"Ceresfresh\",\"url\":\"https:\/\/ceresfresh.es\/de\/\",\"logo\":{\"@type\":\"ImageObject\",\"inLanguage\":\"de\",\"@id\":\"https:\/\/ceresfresh.es\/de\/#\/schema\/logo\/image\/\",\"url\":\"https:\/\/ceresfresh.es\/wp-content\/uploads\/2024\/05\/logo-ceresfresh-min.png\",\"contentUrl\":\"https:\/\/ceresfresh.es\/wp-content\/uploads\/2024\/05\/logo-ceresfresh-min.png\",\"width\":4157,\"height\":2462,\"caption\":\"Ceresfresh\"},\"image\":{\"@id\":\"https:\/\/ceresfresh.es\/de\/#\/schema\/logo\/image\/\"}}]}<\/script>\n<!-- \/ Yoast SEO plugin. -->","yoast_head_json":{"title":"\u00dcBER UNS - Ceresfresh","robots":{"index":"index","follow":"follow","max-snippet":"max-snippet:-1","max-image-preview":"max-image-preview:large","max-video-preview":"max-video-preview:-1"},"canonical":"https:\/\/ceresfresh.es\/de\/ueber-uns\/","og_locale":"de_DE","og_type":"article","og_title":"\u00dcBER UNS - Ceresfresh","og_description":"\u00dcBER UNS CERES FRESH ist ein junges Unternehmen mit erfahrenen Mitgliedern in der Gesch\u00e4ftsf\u00fchrung und Produktion. Wir sind spezialisiert in der Produktion und Vermarktung von Obst und Gem\u00fcse aus Valencia. Die Zukunft des Obst- und Gem\u00fcsesektors UNTERNEHMEN MISSION VISION UNTERNEHMEN CERES FRESH ist ein in Valencia ans\u00e4ssiges Unternehmen mit langj\u00e4hriger Markterfahrung in der Obst- und [&hellip;]","og_url":"https:\/\/ceresfresh.es\/de\/ueber-uns\/","og_site_name":"Ceresfresh","article_modified_time":"2024-05-23T11:17:47+00:00","og_image":[{"url":"https:\/\/ceresfresh.es\/wp-content\/uploads\/2021\/04\/logo-gobalgap-sin-fondo-300x172.png","type":"","width":"","height":""}],"twitter_card":"summary_large_image","twitter_misc":{"Gesch\u00e4tzte Lesezeit":"2\u00a0Minuten"},"schema":{"@context":"https:\/\/schema.org","@graph":[{"@type":"WebPage","@id":"https:\/\/ceresfresh.es\/de\/ueber-uns\/","url":"https:\/\/ceresfresh.es\/de\/ueber-uns\/","name":"\u00dcBER UNS - Ceresfresh","isPartOf":{"@id":"https:\/\/ceresfresh.es\/de\/#website"},"primaryImageOfPage":{"@id":"https:\/\/ceresfresh.es\/de\/ueber-uns\/#primaryimage"},"image":{"@id":"https:\/\/ceresfresh.es\/de\/ueber-uns\/#primaryimage"},"thumbnailUrl":"https:\/\/ceresfresh.es\/wp-content\/uploads\/2021\/04\/logo-gobalgap-sin-fondo-300x172.png","datePublished":"2024-05-21T08:49:29+00:00","dateModified":"2024-05-23T11:17:47+00:00","breadcrumb":{"@id":"https:\/\/ceresfresh.es\/de\/ueber-uns\/#breadcrumb"},"inLanguage":"de","potentialAction":[{"@type":"ReadAction","target":["https:\/\/ceresfresh.es\/de\/ueber-uns\/"]}]},{"@type":"ImageObject","inLanguage":"de","@id":"https:\/\/ceresfresh.es\/de\/ueber-uns\/#primaryimage","url":"https:\/\/ceresfresh.es\/wp-content\/uploads\/2021\/04\/logo-gobalgap-sin-fondo-300x172.png","contentUrl":"https:\/\/ceresfresh.es\/wp-content\/uploads\/2021\/04\/logo-gobalgap-sin-fondo-300x172.png"},{"@type":"BreadcrumbList","@id":"https:\/\/ceresfresh.es\/de\/ueber-uns\/#breadcrumb","itemListElement":[{"@type":"ListItem","position":1,"name":"Portada","item":"https:\/\/ceresfresh.es\/de\/home\/"},{"@type":"ListItem","position":2,"name":"\u00dcBER UNS"}]},{"@type":"WebSite","@id":"https:\/\/ceresfresh.es\/de\/#website","url":"https:\/\/ceresfresh.es\/de\/","name":"Ceresfresh","description":"","publisher":{"@id":"https:\/\/ceresfresh.es\/de\/#organization"},"potentialAction":[{"@type":"SearchAction","target":{"@type":"EntryPoint","urlTemplate":"https:\/\/ceresfresh.es\/de\/?s={search_term_string}"},"query-input":{"@type":"PropertyValueSpecification","valueRequired":true,"valueName":"search_term_string"}}],"inLanguage":"de"},{"@type":"Organization","@id":"https:\/\/ceresfresh.es\/de\/#organization","name":"Ceresfresh","url":"https:\/\/ceresfresh.es\/de\/","logo":{"@type":"ImageObject","inLanguage":"de","@id":"https:\/\/ceresfresh.es\/de\/#\/schema\/logo\/image\/","url":"https:\/\/ceresfresh.es\/wp-content\/uploads\/2024\/05\/logo-ceresfresh-min.png","contentUrl":"https:\/\/ceresfresh.es\/wp-content\/uploads\/2024\/05\/logo-ceresfresh-min.png","width":4157,"height":2462,"caption":"Ceresfresh"},"image":{"@id":"https:\/\/ceresfresh.es\/de\/#\/schema\/logo\/image\/"}}]}},"_links":{"self":[{"href":"https:\/\/ceresfresh.es\/de\/wp-json\/wp\/v2\/pages\/379","targetHints":{"allow":["GET"]}}],"collection":[{"href":"https:\/\/ceresfresh.es\/de\/wp-json\/wp\/v2\/pages"}],"about":[{"href":"https:\/\/ceresfresh.es\/de\/wp-json\/wp\/v2\/types\/page"}],"author":[{"embeddable":true,"href":"https:\/\/ceresfresh.es\/de\/wp-json\/wp\/v2\/users\/1"}],"replies":[{"embeddable":true,"href":"https:\/\/ceresfresh.es\/de\/wp-json\/wp\/v2\/comments?post=379"}],"version-history":[{"count":1,"href":"https:\/\/ceresfresh.es\/de\/wp-json\/wp\/v2\/pages\/379\/revisions"}],"predecessor-version":[{"id":380,"href":"https:\/\/ceresfresh.es\/de\/wp-json\/wp\/v2\/pages\/379\/revisions\/380"}],"wp:attachment":[{"href":"https:\/\/ceresfresh.es\/de\/wp-json\/wp\/v2\/media?parent=379"}],"curies":[{"name":"wp","href":"https:\/\/api.w.org\/{rel}","templated":true}]}}