{"id":345,"date":"2024-05-21T08:53:11","date_gmt":"2024-05-21T08:53:11","guid":{"rendered":"https:\/\/ceresfresh.es\/index.php\/abobora\/"},"modified":"2024-05-23T10:28:12","modified_gmt":"2024-05-23T10:28:12","slug":"abobora","status":"publish","type":"page","link":"https:\/\/ceresfresh.es\/pt-pt\/abobora\/","title":{"rendered":"Ab\u00f3bora"},"content":{"rendered":"\t\t<div data-elementor-type=\"wp-page\" data-elementor-id=\"345\" class=\"elementor elementor-345 elementor-85\" data-elementor-post-type=\"page\">\n\t\t\t\t\t\t<section class=\"elementor-section elementor-top-section elementor-element elementor-element-5d83e837 elementor-section-boxed elementor-section-height-default elementor-section-height-default\" data-id=\"5d83e837\" data-element_type=\"section\">\n\t\t\t\t\t\t<div class=\"elementor-container elementor-column-gap-default\">\n\t\t\t\t\t<div class=\"elementor-column elementor-col-100 elementor-top-column elementor-element elementor-element-32353e4e\" data-id=\"32353e4e\" data-element_type=\"column\">\n\t\t\t<div class=\"elementor-widget-wrap elementor-element-populated\">\n\t\t\t\t\t\t<div class=\"elementor-element elementor-element-5a81b1a4 elementor-align-center elementor-widget elementor-widget-button\" data-id=\"5a81b1a4\" data-element_type=\"widget\" data-widget_type=\"button.default\">\n\t\t\t\t<div class=\"elementor-widget-container\">\n\t\t\t\t\t\t\t\t\t<div class=\"elementor-button-wrapper\">\n\t\t\t\t\t<a class=\"elementor-button elementor-button-link elementor-size-sm\" href=\"https:\/\/ceresfresh.es\/#productos\">\n\t\t\t\t\t\t<span class=\"elementor-button-content-wrapper\">\n\t\t\t\t\t\t\t\t\t<span class=\"elementor-button-text\">Nossos produtos<\/span>\n\t\t\t\t\t<\/span>\n\t\t\t\t\t<\/a>\n\t\t\t\t<\/div>\n\t\t\t\t\t\t\t\t<\/div>\n\t\t\t\t<\/div>\n\t\t\t\t\t<\/div>\n\t\t<\/div>\n\t\t\t\t\t<\/div>\n\t\t<\/section>\n\t\t\t\t<section class=\"elementor-section elementor-top-section elementor-element elementor-element-5dc5f7e3 elementor-section-boxed elementor-section-height-default elementor-section-height-default\" data-id=\"5dc5f7e3\" data-element_type=\"section\">\n\t\t\t\t\t\t<div class=\"elementor-container elementor-column-gap-default\">\n\t\t\t\t\t<div class=\"elementor-column elementor-col-50 elementor-top-column elementor-element elementor-element-69da444a\" data-id=\"69da444a\" data-element_type=\"column\">\n\t\t\t<div class=\"elementor-widget-wrap elementor-element-populated\">\n\t\t\t\t\t\t<div class=\"elementor-element elementor-element-5267540c elementor-arrows-position-inside elementor-pagination-position-outside elementor-widget elementor-widget-image-carousel\" data-id=\"5267540c\" data-element_type=\"widget\" data-settings=\"{&quot;slides_to_show&quot;:&quot;1&quot;,&quot;navigation&quot;:&quot;both&quot;,&quot;autoplay&quot;:&quot;yes&quot;,&quot;pause_on_hover&quot;:&quot;yes&quot;,&quot;pause_on_interaction&quot;:&quot;yes&quot;,&quot;autoplay_speed&quot;:5000,&quot;infinite&quot;:&quot;yes&quot;,&quot;effect&quot;:&quot;slide&quot;,&quot;speed&quot;:500}\" data-widget_type=\"image-carousel.default\">\n\t\t\t\t<div class=\"elementor-widget-container\">\n\t\t\t\t\t\t\t<div class=\"elementor-image-carousel-wrapper swiper\" role=\"region\" aria-roledescription=\"carousel\" aria-label=\"Carrossel de imagens\" dir=\"ltr\">\n\t\t\t<div class=\"elementor-image-carousel swiper-wrapper\" aria-live=\"off\">\n\t\t\t\t\t\t\t\t<div class=\"swiper-slide\" role=\"group\" aria-roledescription=\"slide\" aria-label=\"1 of 4\"><figure class=\"swiper-slide-inner\"><img decoding=\"async\" class=\"swiper-slide-image\" src=\"https:\/\/ceresfresh.es\/wp-content\/uploads\/2024\/05\/calabazas-caja.jpg\" alt=\"calabazas-caja.jpg\" \/><\/figure><\/div><div class=\"swiper-slide\" role=\"group\" aria-roledescription=\"slide\" aria-label=\"2 of 4\"><figure class=\"swiper-slide-inner\"><img decoding=\"async\" class=\"swiper-slide-image\" src=\"https:\/\/ceresfresh.es\/wp-content\/uploads\/2024\/05\/calabaza-entera.jpg\" alt=\"calabaza-entera.jpg\" \/><\/figure><\/div><div class=\"swiper-slide\" role=\"group\" aria-roledescription=\"slide\" aria-label=\"3 of 4\"><figure class=\"swiper-slide-inner\"><img decoding=\"async\" class=\"swiper-slide-image\" src=\"https:\/\/ceresfresh.es\/wp-content\/uploads\/2024\/05\/caja-calabazas-1.jpg\" alt=\"caja-calabazas-1.jpg\" \/><\/figure><\/div><div class=\"swiper-slide\" role=\"group\" aria-roledescription=\"slide\" aria-label=\"4 of 4\"><figure class=\"swiper-slide-inner\"><img decoding=\"async\" class=\"swiper-slide-image\" src=\"https:\/\/ceresfresh.es\/wp-content\/uploads\/2024\/05\/calabaza-partida-caja.jpg\" alt=\"calabaza-partida-caja.jpg\" \/><\/figure><\/div>\t\t\t<\/div>\n\t\t\t\t\t\t\t\t\t\t\t\t<div class=\"elementor-swiper-button elementor-swiper-button-prev\" role=\"button\" tabindex=\"0\">\n\t\t\t\t\t\t<svg aria-hidden=\"true\" class=\"e-font-icon-svg e-eicon-chevron-left\" viewBox=\"0 0 1000 1000\" xmlns=\"http:\/\/www.w3.org\/2000\/svg\"><path d=\"M646 125C629 125 613 133 604 142L308 442C296 454 292 471 292 487 292 504 296 521 308 533L604 854C617 867 629 875 646 875 663 875 679 871 692 858 704 846 713 829 713 812 713 796 708 779 692 767L438 487 692 225C700 217 708 204 708 187 708 171 704 154 692 142 675 129 663 125 646 125Z\"><\/path><\/svg>\t\t\t\t\t<\/div>\n\t\t\t\t\t<div class=\"elementor-swiper-button elementor-swiper-button-next\" role=\"button\" tabindex=\"0\">\n\t\t\t\t\t\t<svg aria-hidden=\"true\" class=\"e-font-icon-svg e-eicon-chevron-right\" viewBox=\"0 0 1000 1000\" xmlns=\"http:\/\/www.w3.org\/2000\/svg\"><path d=\"M696 533C708 521 713 504 713 487 713 471 708 454 696 446L400 146C388 133 375 125 354 125 338 125 325 129 313 142 300 154 292 171 292 187 292 204 296 221 308 233L563 492 304 771C292 783 288 800 288 817 288 833 296 850 308 863 321 871 338 875 354 875 371 875 388 867 400 854L696 533Z\"><\/path><\/svg>\t\t\t\t\t<\/div>\n\t\t\t\t\n\t\t\t\t\t\t\t\t\t<div class=\"swiper-pagination\"><\/div>\n\t\t\t\t\t\t\t\t\t<\/div>\n\t\t\t\t\t\t<\/div>\n\t\t\t\t<\/div>\n\t\t\t\t\t<\/div>\n\t\t<\/div>\n\t\t\t\t<div class=\"elementor-column elementor-col-50 elementor-top-column elementor-element elementor-element-7d75df8\" data-id=\"7d75df8\" data-element_type=\"column\">\n\t\t\t<div class=\"elementor-widget-wrap elementor-element-populated\">\n\t\t\t\t\t\t<div class=\"elementor-element elementor-element-5b83c571 elementor-widget elementor-widget-text-editor\" data-id=\"5b83c571\" data-element_type=\"widget\" data-widget_type=\"text-editor.default\">\n\t\t\t\t<div class=\"elementor-widget-container\">\n\t\t\t\t\t\t\t\t\t<p>A ab\u00f3bora \u00e9 um vegetal que pertence \u00e0 fam\u00edlia das <em>Cucurbit\u00e1cias<\/em> e cujo nome latino \u00e9 <em>Cucurbita moschata<\/em>. Efeitos ben\u00e9ficos para os olhos s\u00e3o atribu\u00eddos a este vegetal devido ao seu alto teor de vitamina A, bem como vitaminas B, C e E. Purifica e digere, tamb\u00e9m cont\u00e9m poucas calorias e quase nenhuma gordura. \u00c9 uma boa fonte de fibra, e tem uma poderosa a\u00e7\u00e3o antioxidante que est\u00e1 envolvida na forma\u00e7\u00e3o de col\u00e1geno, gl\u00f3bulos vermelhos e ossos. Tamb\u00e9m favorece a absor\u00e7\u00e3o de ferro dos alimentos e aumenta a resist\u00eancia contra infec\u00e7\u00f5es.<\/p>\n<p>A Ceres Fresh oferece este produto praticamente durante todo o ano. \u00c9 por isso que planejamos nosso calend\u00e1rio em diferentes \u00e1reas de produ\u00e7\u00e3o, concentrando a maior parte da produ\u00e7\u00e3o na Espanha. Apresentamos este produto embalado e embalado a v\u00e1cuo.<\/p>\n<p>A forma de embalagem a v\u00e1cuo \u00e9 a seguinte: primeiro, a ab\u00f3bora \u00e9 descascada em uma m\u00e1quina de descascar, depois o trabalhador ir\u00e1 limpar a ab\u00f3bora e cort\u00e1-la em peda\u00e7os para colocar o produto na termoformadora. Quando o produto \u00e9 embalado a v\u00e1cuo, a ab\u00f3bora dura mais por n\u00e3o estar em contato com o ar.<\/p>\n\t\t\t\t\t\t\t\t<\/div>\n\t\t\t\t<\/div>\n\t\t\t\t\t<\/div>\n\t\t<\/div>\n\t\t\t\t\t<\/div>\n\t\t<\/section>\n\t\t\t\t<section class=\"elementor-section elementor-top-section elementor-element elementor-element-5a129678 elementor-section-boxed elementor-section-height-default elementor-section-height-default\" data-id=\"5a129678\" data-element_type=\"section\">\n\t\t\t\t\t\t<div class=\"elementor-container elementor-column-gap-default\">\n\t\t\t\t\t<div class=\"elementor-column elementor-col-100 elementor-top-column elementor-element elementor-element-4c80a9\" data-id=\"4c80a9\" data-element_type=\"column\">\n\t\t\t<div class=\"elementor-widget-wrap elementor-element-populated\">\n\t\t\t\t\t\t<div class=\"elementor-element elementor-element-aca0919 elementor-widget elementor-widget-text-editor\" data-id=\"aca0919\" data-element_type=\"widget\" data-widget_type=\"text-editor.default\">\n\t\t\t\t<div class=\"elementor-widget-container\">\n\t\t\t\t\t\t\t\t\t<table style=\"height: 47px;\" width=\"629\">\n<tbody>\n<tr>\n<td style=\"width: 56.5px; text-align: center;\"> JAN<\/td>\n<td style=\"width: 56.5px; text-align: center;\">FEV<\/td>\n<td style=\"width: 56.5px; text-align: center;\">MAR<\/td>\n<td style=\"width: 56.5px; text-align: center;\">ABR<\/td>\n<td style=\"width: 56.5px; text-align: center;\">MAI<\/td>\n<td style=\"width: 56.5px; text-align: center;\">JUN<\/td>\n<td style=\"width: 56.5px; text-align: center;\">JUL<\/td>\n<td style=\"width: 56.5px; text-align: center;\">AGO<\/td>\n<td style=\"width: 56.5px; text-align: center;\">SET<\/td>\n<td style=\"width: 56.5px; text-align: center;\">OUT<\/td>\n<td style=\"width: 56.5px; text-align: center;\">NOV<\/td>\n<td style=\"width: 56.5px; text-align: center;\">DEC<\/td>\n<\/tr>\n<tr>\n<td style=\"width: 56.5px; text-align: center; background-color: #8fb92a; color: #fff; font-weight: 600;\" colspan=\"4\">PRODUTO NACIONAL<\/td>\n<td style=\"width: 56.5px; text-align: center;\" colspan=\"3\"><\/td>\n<td style=\"width: 56.5px; text-align: center; background-color: #8fb92a; color: #fff; font-weight: 600;\" colspan=\"5\">PRODUTO NACIONAL<\/td>\n<\/tr>\n<tr>\n<td style=\"width: 56.5px; text-align: center;background-color:#fff;\" colspan=\"2\"><\/td>\n<td style=\"width: 56.5px; text-align: center; background-color: #3fa137; color: #fff; font-weight: 600;\" colspan=\"6\">PRODUTO IMPORTACI\u00d3N<\/td>\n<td style=\"width: 56.5px; text-align: center;background-color:#fff;\" colspan=\"4\"><\/td>\n<\/tr>\n<\/tbody>\n<\/table>\t\t\t\t\t\t\t\t<\/div>\n\t\t\t\t<\/div>\n\t\t\t\t\t<\/div>\n\t\t<\/div>\n\t\t\t\t\t<\/div>\n\t\t<\/section>\n\t\t\t\t<\/div>\n\t\t","protected":false},"excerpt":{"rendered":"<p>Nossos produtos A ab\u00f3bora \u00e9 um vegetal que pertence \u00e0 fam\u00edlia das Cucurbit\u00e1cias e cujo nome latino \u00e9 Cucurbita moschata. Efeitos ben\u00e9ficos para os olhos s\u00e3o atribu\u00eddos a este vegetal devido ao seu alto teor de vitamina A, bem como vitaminas B, C e E. Purifica e digere, tamb\u00e9m cont\u00e9m poucas calorias e quase nenhuma [&hellip;]<\/p>\n","protected":false},"author":1,"featured_media":0,"parent":0,"menu_order":0,"comment_status":"closed","ping_status":"closed","template":"elementor_header_footer","meta":{"footnotes":""},"class_list":["post-345","page","type-page","status-publish","hentry"],"yoast_head":"<!-- This site is optimized with the Yoast SEO plugin v25.1 - https:\/\/yoast.com\/wordpress\/plugins\/seo\/ -->\n<title>Ab\u00f3bora - Ceresfresh<\/title>\n<meta name=\"robots\" content=\"index, follow, max-snippet:-1, max-image-preview:large, max-video-preview:-1\" \/>\n<link rel=\"canonical\" href=\"https:\/\/ceresfresh.es\/pt-pt\/abobora\/\" \/>\n<meta property=\"og:locale\" content=\"pt_PT\" \/>\n<meta property=\"og:type\" content=\"article\" \/>\n<meta property=\"og:title\" content=\"Ab\u00f3bora - Ceresfresh\" \/>\n<meta property=\"og:description\" content=\"Nossos produtos A ab\u00f3bora \u00e9 um vegetal que pertence \u00e0 fam\u00edlia das Cucurbit\u00e1cias e cujo nome latino \u00e9 Cucurbita moschata. Efeitos ben\u00e9ficos para os olhos s\u00e3o atribu\u00eddos a este vegetal devido ao seu alto teor de vitamina A, bem como vitaminas B, C e E. Purifica e digere, tamb\u00e9m cont\u00e9m poucas calorias e quase nenhuma [&hellip;]\" \/>\n<meta property=\"og:url\" content=\"https:\/\/ceresfresh.es\/pt-pt\/abobora\/\" \/>\n<meta property=\"og:site_name\" content=\"Ceresfresh\" \/>\n<meta property=\"article:modified_time\" content=\"2024-05-23T10:28:12+00:00\" \/>\n<meta property=\"og:image\" content=\"https:\/\/ceresfresh.es\/wp-content\/uploads\/2024\/05\/calabazas-caja.jpg\" \/>\n<meta name=\"twitter:card\" content=\"summary_large_image\" \/>\n<meta name=\"twitter:label1\" content=\"Tempo estimado de leitura\" \/>\n\t<meta name=\"twitter:data1\" content=\"1 minuto\" \/>\n<script type=\"application\/ld+json\" class=\"yoast-schema-graph\">{\"@context\":\"https:\/\/schema.org\",\"@graph\":[{\"@type\":\"WebPage\",\"@id\":\"https:\/\/ceresfresh.es\/pt-pt\/abobora\/\",\"url\":\"https:\/\/ceresfresh.es\/pt-pt\/abobora\/\",\"name\":\"Ab\u00f3bora - Ceresfresh\",\"isPartOf\":{\"@id\":\"https:\/\/ceresfresh.es\/pt-pt\/#website\"},\"primaryImageOfPage\":{\"@id\":\"https:\/\/ceresfresh.es\/pt-pt\/abobora\/#primaryimage\"},\"image\":{\"@id\":\"https:\/\/ceresfresh.es\/pt-pt\/abobora\/#primaryimage\"},\"thumbnailUrl\":\"https:\/\/ceresfresh.es\/wp-content\/uploads\/2024\/05\/calabazas-caja.jpg\",\"datePublished\":\"2024-05-21T08:53:11+00:00\",\"dateModified\":\"2024-05-23T10:28:12+00:00\",\"breadcrumb\":{\"@id\":\"https:\/\/ceresfresh.es\/pt-pt\/abobora\/#breadcrumb\"},\"inLanguage\":\"pt-PT\",\"potentialAction\":[{\"@type\":\"ReadAction\",\"target\":[\"https:\/\/ceresfresh.es\/pt-pt\/abobora\/\"]}]},{\"@type\":\"ImageObject\",\"inLanguage\":\"pt-PT\",\"@id\":\"https:\/\/ceresfresh.es\/pt-pt\/abobora\/#primaryimage\",\"url\":\"https:\/\/ceresfresh.es\/wp-content\/uploads\/2024\/05\/calabazas-caja.jpg\",\"contentUrl\":\"https:\/\/ceresfresh.es\/wp-content\/uploads\/2024\/05\/calabazas-caja.jpg\"},{\"@type\":\"BreadcrumbList\",\"@id\":\"https:\/\/ceresfresh.es\/pt-pt\/abobora\/#breadcrumb\",\"itemListElement\":[{\"@type\":\"ListItem\",\"position\":1,\"name\":\"Portada\",\"item\":\"https:\/\/ceresfresh.es\/pt-pt\/home\/\"},{\"@type\":\"ListItem\",\"position\":2,\"name\":\"Ab\u00f3bora\"}]},{\"@type\":\"WebSite\",\"@id\":\"https:\/\/ceresfresh.es\/pt-pt\/#website\",\"url\":\"https:\/\/ceresfresh.es\/pt-pt\/\",\"name\":\"Ceresfresh\",\"description\":\"\",\"publisher\":{\"@id\":\"https:\/\/ceresfresh.es\/pt-pt\/#organization\"},\"potentialAction\":[{\"@type\":\"SearchAction\",\"target\":{\"@type\":\"EntryPoint\",\"urlTemplate\":\"https:\/\/ceresfresh.es\/pt-pt\/?s={search_term_string}\"},\"query-input\":{\"@type\":\"PropertyValueSpecification\",\"valueRequired\":true,\"valueName\":\"search_term_string\"}}],\"inLanguage\":\"pt-PT\"},{\"@type\":\"Organization\",\"@id\":\"https:\/\/ceresfresh.es\/pt-pt\/#organization\",\"name\":\"Ceresfresh\",\"url\":\"https:\/\/ceresfresh.es\/pt-pt\/\",\"logo\":{\"@type\":\"ImageObject\",\"inLanguage\":\"pt-PT\",\"@id\":\"https:\/\/ceresfresh.es\/pt-pt\/#\/schema\/logo\/image\/\",\"url\":\"https:\/\/ceresfresh.es\/wp-content\/uploads\/2024\/05\/logo-ceresfresh-min.png\",\"contentUrl\":\"https:\/\/ceresfresh.es\/wp-content\/uploads\/2024\/05\/logo-ceresfresh-min.png\",\"width\":4157,\"height\":2462,\"caption\":\"Ceresfresh\"},\"image\":{\"@id\":\"https:\/\/ceresfresh.es\/pt-pt\/#\/schema\/logo\/image\/\"}}]}<\/script>\n<!-- \/ Yoast SEO plugin. -->","yoast_head_json":{"title":"Ab\u00f3bora - Ceresfresh","robots":{"index":"index","follow":"follow","max-snippet":"max-snippet:-1","max-image-preview":"max-image-preview:large","max-video-preview":"max-video-preview:-1"},"canonical":"https:\/\/ceresfresh.es\/pt-pt\/abobora\/","og_locale":"pt_PT","og_type":"article","og_title":"Ab\u00f3bora - Ceresfresh","og_description":"Nossos produtos A ab\u00f3bora \u00e9 um vegetal que pertence \u00e0 fam\u00edlia das Cucurbit\u00e1cias e cujo nome latino \u00e9 Cucurbita moschata. Efeitos ben\u00e9ficos para os olhos s\u00e3o atribu\u00eddos a este vegetal devido ao seu alto teor de vitamina A, bem como vitaminas B, C e E. Purifica e digere, tamb\u00e9m cont\u00e9m poucas calorias e quase nenhuma [&hellip;]","og_url":"https:\/\/ceresfresh.es\/pt-pt\/abobora\/","og_site_name":"Ceresfresh","article_modified_time":"2024-05-23T10:28:12+00:00","og_image":[{"url":"https:\/\/ceresfresh.es\/wp-content\/uploads\/2024\/05\/calabazas-caja.jpg","type":"","width":"","height":""}],"twitter_card":"summary_large_image","twitter_misc":{"Tempo estimado de leitura":"1 minuto"},"schema":{"@context":"https:\/\/schema.org","@graph":[{"@type":"WebPage","@id":"https:\/\/ceresfresh.es\/pt-pt\/abobora\/","url":"https:\/\/ceresfresh.es\/pt-pt\/abobora\/","name":"Ab\u00f3bora - Ceresfresh","isPartOf":{"@id":"https:\/\/ceresfresh.es\/pt-pt\/#website"},"primaryImageOfPage":{"@id":"https:\/\/ceresfresh.es\/pt-pt\/abobora\/#primaryimage"},"image":{"@id":"https:\/\/ceresfresh.es\/pt-pt\/abobora\/#primaryimage"},"thumbnailUrl":"https:\/\/ceresfresh.es\/wp-content\/uploads\/2024\/05\/calabazas-caja.jpg","datePublished":"2024-05-21T08:53:11+00:00","dateModified":"2024-05-23T10:28:12+00:00","breadcrumb":{"@id":"https:\/\/ceresfresh.es\/pt-pt\/abobora\/#breadcrumb"},"inLanguage":"pt-PT","potentialAction":[{"@type":"ReadAction","target":["https:\/\/ceresfresh.es\/pt-pt\/abobora\/"]}]},{"@type":"ImageObject","inLanguage":"pt-PT","@id":"https:\/\/ceresfresh.es\/pt-pt\/abobora\/#primaryimage","url":"https:\/\/ceresfresh.es\/wp-content\/uploads\/2024\/05\/calabazas-caja.jpg","contentUrl":"https:\/\/ceresfresh.es\/wp-content\/uploads\/2024\/05\/calabazas-caja.jpg"},{"@type":"BreadcrumbList","@id":"https:\/\/ceresfresh.es\/pt-pt\/abobora\/#breadcrumb","itemListElement":[{"@type":"ListItem","position":1,"name":"Portada","item":"https:\/\/ceresfresh.es\/pt-pt\/home\/"},{"@type":"ListItem","position":2,"name":"Ab\u00f3bora"}]},{"@type":"WebSite","@id":"https:\/\/ceresfresh.es\/pt-pt\/#website","url":"https:\/\/ceresfresh.es\/pt-pt\/","name":"Ceresfresh","description":"","publisher":{"@id":"https:\/\/ceresfresh.es\/pt-pt\/#organization"},"potentialAction":[{"@type":"SearchAction","target":{"@type":"EntryPoint","urlTemplate":"https:\/\/ceresfresh.es\/pt-pt\/?s={search_term_string}"},"query-input":{"@type":"PropertyValueSpecification","valueRequired":true,"valueName":"search_term_string"}}],"inLanguage":"pt-PT"},{"@type":"Organization","@id":"https:\/\/ceresfresh.es\/pt-pt\/#organization","name":"Ceresfresh","url":"https:\/\/ceresfresh.es\/pt-pt\/","logo":{"@type":"ImageObject","inLanguage":"pt-PT","@id":"https:\/\/ceresfresh.es\/pt-pt\/#\/schema\/logo\/image\/","url":"https:\/\/ceresfresh.es\/wp-content\/uploads\/2024\/05\/logo-ceresfresh-min.png","contentUrl":"https:\/\/ceresfresh.es\/wp-content\/uploads\/2024\/05\/logo-ceresfresh-min.png","width":4157,"height":2462,"caption":"Ceresfresh"},"image":{"@id":"https:\/\/ceresfresh.es\/pt-pt\/#\/schema\/logo\/image\/"}}]}},"_links":{"self":[{"href":"https:\/\/ceresfresh.es\/pt-pt\/wp-json\/wp\/v2\/pages\/345","targetHints":{"allow":["GET"]}}],"collection":[{"href":"https:\/\/ceresfresh.es\/pt-pt\/wp-json\/wp\/v2\/pages"}],"about":[{"href":"https:\/\/ceresfresh.es\/pt-pt\/wp-json\/wp\/v2\/types\/page"}],"author":[{"embeddable":true,"href":"https:\/\/ceresfresh.es\/pt-pt\/wp-json\/wp\/v2\/users\/1"}],"replies":[{"embeddable":true,"href":"https:\/\/ceresfresh.es\/pt-pt\/wp-json\/wp\/v2\/comments?post=345"}],"version-history":[{"count":1,"href":"https:\/\/ceresfresh.es\/pt-pt\/wp-json\/wp\/v2\/pages\/345\/revisions"}],"predecessor-version":[{"id":346,"href":"https:\/\/ceresfresh.es\/pt-pt\/wp-json\/wp\/v2\/pages\/345\/revisions\/346"}],"wp:attachment":[{"href":"https:\/\/ceresfresh.es\/pt-pt\/wp-json\/wp\/v2\/media?parent=345"}],"curies":[{"name":"wp","href":"https:\/\/api.w.org\/{rel}","templated":true}]}}