{"id":347,"date":"2024-05-21T08:51:05","date_gmt":"2024-05-21T08:51:05","guid":{"rendered":"https:\/\/ceresfresh.es\/index.php\/couve-lombarda\/"},"modified":"2024-05-23T10:31:15","modified_gmt":"2024-05-23T10:31:15","slug":"couve-lombarda","status":"publish","type":"page","link":"https:\/\/ceresfresh.es\/pt-pt\/couve-lombarda\/","title":{"rendered":"Couve lombarda"},"content":{"rendered":"\t\t<div data-elementor-type=\"wp-page\" data-elementor-id=\"347\" class=\"elementor elementor-347 elementor-53\" data-elementor-post-type=\"page\">\n\t\t\t\t\t\t<section class=\"elementor-section elementor-top-section elementor-element elementor-element-269987f6 elementor-section-boxed elementor-section-height-default elementor-section-height-default\" data-id=\"269987f6\" data-element_type=\"section\">\n\t\t\t\t\t\t<div class=\"elementor-container elementor-column-gap-default\">\n\t\t\t\t\t<div class=\"elementor-column elementor-col-100 elementor-top-column elementor-element elementor-element-bdf3b81\" data-id=\"bdf3b81\" data-element_type=\"column\">\n\t\t\t<div class=\"elementor-widget-wrap elementor-element-populated\">\n\t\t\t\t\t\t<div class=\"elementor-element elementor-element-12b30750 elementor-align-center elementor-widget elementor-widget-button\" data-id=\"12b30750\" data-element_type=\"widget\" data-widget_type=\"button.default\">\n\t\t\t\t<div class=\"elementor-widget-container\">\n\t\t\t\t\t\t\t\t\t<div class=\"elementor-button-wrapper\">\n\t\t\t\t\t<a class=\"elementor-button elementor-button-link elementor-size-sm\" href=\"https:\/\/ceresfresh.es\/pt\/#productos\">\n\t\t\t\t\t\t<span class=\"elementor-button-content-wrapper\">\n\t\t\t\t\t\t\t\t\t<span class=\"elementor-button-text\">Nossos produtos<\/span>\n\t\t\t\t\t<\/span>\n\t\t\t\t\t<\/a>\n\t\t\t\t<\/div>\n\t\t\t\t\t\t\t\t<\/div>\n\t\t\t\t<\/div>\n\t\t\t\t\t<\/div>\n\t\t<\/div>\n\t\t\t\t\t<\/div>\n\t\t<\/section>\n\t\t\t\t<section class=\"elementor-section elementor-top-section elementor-element elementor-element-a366bea elementor-section-boxed elementor-section-height-default elementor-section-height-default\" data-id=\"a366bea\" data-element_type=\"section\">\n\t\t\t\t\t\t<div class=\"elementor-container elementor-column-gap-default\">\n\t\t\t\t\t<div class=\"elementor-column elementor-col-50 elementor-top-column elementor-element elementor-element-37d13b30\" data-id=\"37d13b30\" data-element_type=\"column\">\n\t\t\t<div class=\"elementor-widget-wrap elementor-element-populated\">\n\t\t\t\t\t\t<div class=\"elementor-element elementor-element-3e7cd4b elementor-arrows-position-inside elementor-pagination-position-outside elementor-widget elementor-widget-image-carousel\" data-id=\"3e7cd4b\" data-element_type=\"widget\" data-settings=\"{&quot;slides_to_show&quot;:&quot;1&quot;,&quot;navigation&quot;:&quot;both&quot;,&quot;autoplay&quot;:&quot;yes&quot;,&quot;pause_on_hover&quot;:&quot;yes&quot;,&quot;pause_on_interaction&quot;:&quot;yes&quot;,&quot;autoplay_speed&quot;:5000,&quot;infinite&quot;:&quot;yes&quot;,&quot;effect&quot;:&quot;slide&quot;,&quot;speed&quot;:500}\" data-widget_type=\"image-carousel.default\">\n\t\t\t\t<div class=\"elementor-widget-container\">\n\t\t\t\t\t\t\t<div class=\"elementor-image-carousel-wrapper swiper\" role=\"region\" aria-roledescription=\"carousel\" aria-label=\"Carrossel de imagens\" dir=\"ltr\">\n\t\t\t<div class=\"elementor-image-carousel swiper-wrapper\" aria-live=\"off\">\n\t\t\t\t\t\t\t\t<div class=\"swiper-slide\" role=\"group\" aria-roledescription=\"slide\" aria-label=\"1 of 3\"><figure class=\"swiper-slide-inner\"><img decoding=\"async\" class=\"swiper-slide-image\" src=\"https:\/\/ceresfresh.es\/wp-content\/uploads\/2024\/05\/caja-col-lombarda-550x350-1.jpg\" alt=\"caja-col-lombarda-550x350-1.jpg\" \/><\/figure><\/div><div class=\"swiper-slide\" role=\"group\" aria-roledescription=\"slide\" aria-label=\"2 of 3\"><figure class=\"swiper-slide-inner\"><img decoding=\"async\" class=\"swiper-slide-image\" src=\"https:\/\/ceresfresh.es\/wp-content\/uploads\/2024\/05\/col-lombarda-abierta-550x350-1.jpg\" alt=\"col-lombarda-abierta-550x350-1.jpg\" \/><\/figure><\/div><div class=\"swiper-slide\" role=\"group\" aria-roledescription=\"slide\" aria-label=\"3 of 3\"><figure class=\"swiper-slide-inner\"><img decoding=\"async\" class=\"swiper-slide-image\" src=\"https:\/\/ceresfresh.es\/wp-content\/uploads\/2024\/05\/campo-col-lombarda-550x350-1.jpg\" alt=\"campo-col-lombarda-550x350-1.jpg\" \/><\/figure><\/div>\t\t\t<\/div>\n\t\t\t\t\t\t\t\t\t\t\t\t<div class=\"elementor-swiper-button elementor-swiper-button-prev\" role=\"button\" tabindex=\"0\">\n\t\t\t\t\t\t<svg aria-hidden=\"true\" class=\"e-font-icon-svg e-eicon-chevron-left\" viewBox=\"0 0 1000 1000\" xmlns=\"http:\/\/www.w3.org\/2000\/svg\"><path d=\"M646 125C629 125 613 133 604 142L308 442C296 454 292 471 292 487 292 504 296 521 308 533L604 854C617 867 629 875 646 875 663 875 679 871 692 858 704 846 713 829 713 812 713 796 708 779 692 767L438 487 692 225C700 217 708 204 708 187 708 171 704 154 692 142 675 129 663 125 646 125Z\"><\/path><\/svg>\t\t\t\t\t<\/div>\n\t\t\t\t\t<div class=\"elementor-swiper-button elementor-swiper-button-next\" role=\"button\" tabindex=\"0\">\n\t\t\t\t\t\t<svg aria-hidden=\"true\" class=\"e-font-icon-svg e-eicon-chevron-right\" viewBox=\"0 0 1000 1000\" xmlns=\"http:\/\/www.w3.org\/2000\/svg\"><path d=\"M696 533C708 521 713 504 713 487 713 471 708 454 696 446L400 146C388 133 375 125 354 125 338 125 325 129 313 142 300 154 292 171 292 187 292 204 296 221 308 233L563 492 304 771C292 783 288 800 288 817 288 833 296 850 308 863 321 871 338 875 354 875 371 875 388 867 400 854L696 533Z\"><\/path><\/svg>\t\t\t\t\t<\/div>\n\t\t\t\t\n\t\t\t\t\t\t\t\t\t<div class=\"swiper-pagination\"><\/div>\n\t\t\t\t\t\t\t\t\t<\/div>\n\t\t\t\t\t\t<\/div>\n\t\t\t\t<\/div>\n\t\t\t\t\t<\/div>\n\t\t<\/div>\n\t\t\t\t<div class=\"elementor-column elementor-col-50 elementor-top-column elementor-element elementor-element-120dc871\" data-id=\"120dc871\" data-element_type=\"column\">\n\t\t\t<div class=\"elementor-widget-wrap elementor-element-populated\">\n\t\t\t\t\t\t<div class=\"elementor-element elementor-element-7f450620 elementor-widget elementor-widget-text-editor\" data-id=\"7f450620\" data-element_type=\"widget\" data-widget_type=\"text-editor.default\">\n\t\t\t\t<div class=\"elementor-widget-container\">\n\t\t\t\t\t\t\t\t\t<p>O <strong>couve roxo<\/strong> ou couve lombarda \u00e9 uma hortali\u00e7a pertencente \u00e0 fam\u00edlia das <em>br\u00e1ssicas<\/em> cujo nome cient\u00edfico \u00e9 <em>Brassica oleracea L. var. Capitata f. rubra<\/em>. \u00c9 uma variedade de couve que possui uma cor roxa caracter\u00edstica e a for\u00e7a dessa cor depender\u00e1 da acidez da terra onde \u00e9 cultivada.<\/p>\n<p>\u00c9 um vegetal que possui alto teor de vitamina K. Possui tamb\u00e9m ferro, c\u00e1lcio, f\u00f3sforo, pot\u00e1ssio, iodo, zinco, mangan\u00eas, s\u00f3dio, vitamina A, C, D, E e vitaminas do grupo B.<\/p>\n<p>O principal formato com que trabalhamos \u00e9 com a couve roxa filmada com a qual, pelo facto de n\u00e3o estar em contacto direto com o ar, favorece a sua conserva\u00e7\u00e3o.<\/p>\n<p>Nosso planejamento nos permite ter produtos dispon\u00edveis durante todo o ano. A principal \u00e1rea de produ\u00e7\u00e3o \u00e9 no Pomar de Val\u00eancia onde podemos encontrar um produto verdadeiramente ESPECIAL.<\/p>\n\t\t\t\t\t\t\t\t<\/div>\n\t\t\t\t<\/div>\n\t\t\t\t\t<\/div>\n\t\t<\/div>\n\t\t\t\t\t<\/div>\n\t\t<\/section>\n\t\t\t\t<section class=\"elementor-section elementor-top-section elementor-element elementor-element-53d44f36 elementor-section-boxed elementor-section-height-default elementor-section-height-default\" data-id=\"53d44f36\" data-element_type=\"section\">\n\t\t\t\t\t\t<div class=\"elementor-container elementor-column-gap-default\">\n\t\t\t\t\t<div class=\"elementor-column elementor-col-100 elementor-top-column elementor-element elementor-element-2d013826\" data-id=\"2d013826\" data-element_type=\"column\">\n\t\t\t<div class=\"elementor-widget-wrap elementor-element-populated\">\n\t\t\t\t\t\t<div class=\"elementor-element elementor-element-0f0f165 elementor-widget elementor-widget-text-editor\" data-id=\"0f0f165\" data-element_type=\"widget\" data-widget_type=\"text-editor.default\">\n\t\t\t\t<div class=\"elementor-widget-container\">\n\t\t\t\t\t\t\t\t\t<table style=\"height: 47px; border: 1px solid #000;\" width=\"629\">\n<tbody>\n<tr>\n<td style=\"width: 56.5px; text-align: center;\"> JAN<\/td>\n<td style=\"width: 56.5px; text-align: center;\">FEV<\/td>\n<td style=\"width: 56.5px; text-align: center;\">MAR<\/td>\n<td style=\"width: 56.5px; text-align: center;\">ABR<\/td>\n<td style=\"width: 56.5px; text-align: center;\">MAI<\/td>\n<td style=\"width: 56.5px; text-align: center;\">JUN<\/td>\n<td style=\"width: 56.5px; text-align: center;\">JUL<\/td>\n<td style=\"width: 56.5px; text-align: center;\">AGO<\/td>\n<td style=\"width: 56.5px; text-align: center;\">SET<\/td>\n<td style=\"width: 56.5px; text-align: center;\">OUT<\/td>\n<td style=\"width: 56.5px; text-align: center;\">NOV<\/td>\n<td style=\"width: 56.5px; text-align: center;\">DEC<\/td>\n<\/tr>\n<tr>\n<td style=\"width: 56.5px; text-align: center; background-color: #8fb92a;color:#fff;font-weight:600;\" colspan=\"12\">PRODUTO NACIONAL<\/td>\n<\/tr>\n<\/tbody>\n<\/table>\t\t\t\t\t\t\t\t<\/div>\n\t\t\t\t<\/div>\n\t\t\t\t\t<\/div>\n\t\t<\/div>\n\t\t\t\t\t<\/div>\n\t\t<\/section>\n\t\t\t\t<\/div>\n\t\t","protected":false},"excerpt":{"rendered":"<p>Nossos produtos O couve roxo ou couve lombarda \u00e9 uma hortali\u00e7a pertencente \u00e0 fam\u00edlia das br\u00e1ssicas cujo nome cient\u00edfico \u00e9 Brassica oleracea L. var. Capitata f. rubra. \u00c9 uma variedade de couve que possui uma cor roxa caracter\u00edstica e a for\u00e7a dessa cor depender\u00e1 da acidez da terra onde \u00e9 cultivada. \u00c9 um vegetal que [&hellip;]<\/p>\n","protected":false},"author":1,"featured_media":0,"parent":0,"menu_order":0,"comment_status":"closed","ping_status":"closed","template":"elementor_header_footer","meta":{"footnotes":""},"class_list":["post-347","page","type-page","status-publish","hentry"],"yoast_head":"<!-- This site is optimized with the Yoast SEO plugin v25.1 - https:\/\/yoast.com\/wordpress\/plugins\/seo\/ -->\n<title>Couve lombarda - Ceresfresh<\/title>\n<meta name=\"robots\" content=\"index, follow, max-snippet:-1, max-image-preview:large, max-video-preview:-1\" \/>\n<link rel=\"canonical\" href=\"https:\/\/ceresfresh.es\/pt-pt\/couve-lombarda\/\" \/>\n<meta property=\"og:locale\" content=\"pt_PT\" \/>\n<meta property=\"og:type\" content=\"article\" \/>\n<meta property=\"og:title\" content=\"Couve lombarda - Ceresfresh\" \/>\n<meta property=\"og:description\" content=\"Nossos produtos O couve roxo ou couve lombarda \u00e9 uma hortali\u00e7a pertencente \u00e0 fam\u00edlia das br\u00e1ssicas cujo nome cient\u00edfico \u00e9 Brassica oleracea L. var. Capitata f. rubra. \u00c9 uma variedade de couve que possui uma cor roxa caracter\u00edstica e a for\u00e7a dessa cor depender\u00e1 da acidez da terra onde \u00e9 cultivada. \u00c9 um vegetal que [&hellip;]\" \/>\n<meta property=\"og:url\" content=\"https:\/\/ceresfresh.es\/pt-pt\/couve-lombarda\/\" \/>\n<meta property=\"og:site_name\" content=\"Ceresfresh\" \/>\n<meta property=\"article:modified_time\" content=\"2024-05-23T10:31:15+00:00\" \/>\n<meta property=\"og:image\" content=\"https:\/\/ceresfresh.es\/wp-content\/uploads\/2024\/05\/caja-col-lombarda-550x350-1.jpg\" \/>\n<meta name=\"twitter:card\" content=\"summary_large_image\" \/>\n<meta name=\"twitter:label1\" content=\"Tempo estimado de leitura\" \/>\n\t<meta name=\"twitter:data1\" content=\"1 minuto\" \/>\n<script type=\"application\/ld+json\" class=\"yoast-schema-graph\">{\"@context\":\"https:\/\/schema.org\",\"@graph\":[{\"@type\":\"WebPage\",\"@id\":\"https:\/\/ceresfresh.es\/pt-pt\/couve-lombarda\/\",\"url\":\"https:\/\/ceresfresh.es\/pt-pt\/couve-lombarda\/\",\"name\":\"Couve lombarda - Ceresfresh\",\"isPartOf\":{\"@id\":\"https:\/\/ceresfresh.es\/pt-pt\/#website\"},\"primaryImageOfPage\":{\"@id\":\"https:\/\/ceresfresh.es\/pt-pt\/couve-lombarda\/#primaryimage\"},\"image\":{\"@id\":\"https:\/\/ceresfresh.es\/pt-pt\/couve-lombarda\/#primaryimage\"},\"thumbnailUrl\":\"https:\/\/ceresfresh.es\/wp-content\/uploads\/2024\/05\/caja-col-lombarda-550x350-1.jpg\",\"datePublished\":\"2024-05-21T08:51:05+00:00\",\"dateModified\":\"2024-05-23T10:31:15+00:00\",\"breadcrumb\":{\"@id\":\"https:\/\/ceresfresh.es\/pt-pt\/couve-lombarda\/#breadcrumb\"},\"inLanguage\":\"pt-PT\",\"potentialAction\":[{\"@type\":\"ReadAction\",\"target\":[\"https:\/\/ceresfresh.es\/pt-pt\/couve-lombarda\/\"]}]},{\"@type\":\"ImageObject\",\"inLanguage\":\"pt-PT\",\"@id\":\"https:\/\/ceresfresh.es\/pt-pt\/couve-lombarda\/#primaryimage\",\"url\":\"https:\/\/ceresfresh.es\/wp-content\/uploads\/2024\/05\/caja-col-lombarda-550x350-1.jpg\",\"contentUrl\":\"https:\/\/ceresfresh.es\/wp-content\/uploads\/2024\/05\/caja-col-lombarda-550x350-1.jpg\"},{\"@type\":\"BreadcrumbList\",\"@id\":\"https:\/\/ceresfresh.es\/pt-pt\/couve-lombarda\/#breadcrumb\",\"itemListElement\":[{\"@type\":\"ListItem\",\"position\":1,\"name\":\"Portada\",\"item\":\"https:\/\/ceresfresh.es\/pt-pt\/home\/\"},{\"@type\":\"ListItem\",\"position\":2,\"name\":\"Couve lombarda\"}]},{\"@type\":\"WebSite\",\"@id\":\"https:\/\/ceresfresh.es\/pt-pt\/#website\",\"url\":\"https:\/\/ceresfresh.es\/pt-pt\/\",\"name\":\"Ceresfresh\",\"description\":\"\",\"publisher\":{\"@id\":\"https:\/\/ceresfresh.es\/pt-pt\/#organization\"},\"potentialAction\":[{\"@type\":\"SearchAction\",\"target\":{\"@type\":\"EntryPoint\",\"urlTemplate\":\"https:\/\/ceresfresh.es\/pt-pt\/?s={search_term_string}\"},\"query-input\":{\"@type\":\"PropertyValueSpecification\",\"valueRequired\":true,\"valueName\":\"search_term_string\"}}],\"inLanguage\":\"pt-PT\"},{\"@type\":\"Organization\",\"@id\":\"https:\/\/ceresfresh.es\/pt-pt\/#organization\",\"name\":\"Ceresfresh\",\"url\":\"https:\/\/ceresfresh.es\/pt-pt\/\",\"logo\":{\"@type\":\"ImageObject\",\"inLanguage\":\"pt-PT\",\"@id\":\"https:\/\/ceresfresh.es\/pt-pt\/#\/schema\/logo\/image\/\",\"url\":\"https:\/\/ceresfresh.es\/wp-content\/uploads\/2024\/05\/logo-ceresfresh-min.png\",\"contentUrl\":\"https:\/\/ceresfresh.es\/wp-content\/uploads\/2024\/05\/logo-ceresfresh-min.png\",\"width\":4157,\"height\":2462,\"caption\":\"Ceresfresh\"},\"image\":{\"@id\":\"https:\/\/ceresfresh.es\/pt-pt\/#\/schema\/logo\/image\/\"}}]}<\/script>\n<!-- \/ Yoast SEO plugin. -->","yoast_head_json":{"title":"Couve lombarda - Ceresfresh","robots":{"index":"index","follow":"follow","max-snippet":"max-snippet:-1","max-image-preview":"max-image-preview:large","max-video-preview":"max-video-preview:-1"},"canonical":"https:\/\/ceresfresh.es\/pt-pt\/couve-lombarda\/","og_locale":"pt_PT","og_type":"article","og_title":"Couve lombarda - Ceresfresh","og_description":"Nossos produtos O couve roxo ou couve lombarda \u00e9 uma hortali\u00e7a pertencente \u00e0 fam\u00edlia das br\u00e1ssicas cujo nome cient\u00edfico \u00e9 Brassica oleracea L. var. Capitata f. rubra. \u00c9 uma variedade de couve que possui uma cor roxa caracter\u00edstica e a for\u00e7a dessa cor depender\u00e1 da acidez da terra onde \u00e9 cultivada. \u00c9 um vegetal que [&hellip;]","og_url":"https:\/\/ceresfresh.es\/pt-pt\/couve-lombarda\/","og_site_name":"Ceresfresh","article_modified_time":"2024-05-23T10:31:15+00:00","og_image":[{"url":"https:\/\/ceresfresh.es\/wp-content\/uploads\/2024\/05\/caja-col-lombarda-550x350-1.jpg","type":"","width":"","height":""}],"twitter_card":"summary_large_image","twitter_misc":{"Tempo estimado de leitura":"1 minuto"},"schema":{"@context":"https:\/\/schema.org","@graph":[{"@type":"WebPage","@id":"https:\/\/ceresfresh.es\/pt-pt\/couve-lombarda\/","url":"https:\/\/ceresfresh.es\/pt-pt\/couve-lombarda\/","name":"Couve lombarda - Ceresfresh","isPartOf":{"@id":"https:\/\/ceresfresh.es\/pt-pt\/#website"},"primaryImageOfPage":{"@id":"https:\/\/ceresfresh.es\/pt-pt\/couve-lombarda\/#primaryimage"},"image":{"@id":"https:\/\/ceresfresh.es\/pt-pt\/couve-lombarda\/#primaryimage"},"thumbnailUrl":"https:\/\/ceresfresh.es\/wp-content\/uploads\/2024\/05\/caja-col-lombarda-550x350-1.jpg","datePublished":"2024-05-21T08:51:05+00:00","dateModified":"2024-05-23T10:31:15+00:00","breadcrumb":{"@id":"https:\/\/ceresfresh.es\/pt-pt\/couve-lombarda\/#breadcrumb"},"inLanguage":"pt-PT","potentialAction":[{"@type":"ReadAction","target":["https:\/\/ceresfresh.es\/pt-pt\/couve-lombarda\/"]}]},{"@type":"ImageObject","inLanguage":"pt-PT","@id":"https:\/\/ceresfresh.es\/pt-pt\/couve-lombarda\/#primaryimage","url":"https:\/\/ceresfresh.es\/wp-content\/uploads\/2024\/05\/caja-col-lombarda-550x350-1.jpg","contentUrl":"https:\/\/ceresfresh.es\/wp-content\/uploads\/2024\/05\/caja-col-lombarda-550x350-1.jpg"},{"@type":"BreadcrumbList","@id":"https:\/\/ceresfresh.es\/pt-pt\/couve-lombarda\/#breadcrumb","itemListElement":[{"@type":"ListItem","position":1,"name":"Portada","item":"https:\/\/ceresfresh.es\/pt-pt\/home\/"},{"@type":"ListItem","position":2,"name":"Couve lombarda"}]},{"@type":"WebSite","@id":"https:\/\/ceresfresh.es\/pt-pt\/#website","url":"https:\/\/ceresfresh.es\/pt-pt\/","name":"Ceresfresh","description":"","publisher":{"@id":"https:\/\/ceresfresh.es\/pt-pt\/#organization"},"potentialAction":[{"@type":"SearchAction","target":{"@type":"EntryPoint","urlTemplate":"https:\/\/ceresfresh.es\/pt-pt\/?s={search_term_string}"},"query-input":{"@type":"PropertyValueSpecification","valueRequired":true,"valueName":"search_term_string"}}],"inLanguage":"pt-PT"},{"@type":"Organization","@id":"https:\/\/ceresfresh.es\/pt-pt\/#organization","name":"Ceresfresh","url":"https:\/\/ceresfresh.es\/pt-pt\/","logo":{"@type":"ImageObject","inLanguage":"pt-PT","@id":"https:\/\/ceresfresh.es\/pt-pt\/#\/schema\/logo\/image\/","url":"https:\/\/ceresfresh.es\/wp-content\/uploads\/2024\/05\/logo-ceresfresh-min.png","contentUrl":"https:\/\/ceresfresh.es\/wp-content\/uploads\/2024\/05\/logo-ceresfresh-min.png","width":4157,"height":2462,"caption":"Ceresfresh"},"image":{"@id":"https:\/\/ceresfresh.es\/pt-pt\/#\/schema\/logo\/image\/"}}]}},"_links":{"self":[{"href":"https:\/\/ceresfresh.es\/pt-pt\/wp-json\/wp\/v2\/pages\/347","targetHints":{"allow":["GET"]}}],"collection":[{"href":"https:\/\/ceresfresh.es\/pt-pt\/wp-json\/wp\/v2\/pages"}],"about":[{"href":"https:\/\/ceresfresh.es\/pt-pt\/wp-json\/wp\/v2\/types\/page"}],"author":[{"embeddable":true,"href":"https:\/\/ceresfresh.es\/pt-pt\/wp-json\/wp\/v2\/users\/1"}],"replies":[{"embeddable":true,"href":"https:\/\/ceresfresh.es\/pt-pt\/wp-json\/wp\/v2\/comments?post=347"}],"version-history":[{"count":1,"href":"https:\/\/ceresfresh.es\/pt-pt\/wp-json\/wp\/v2\/pages\/347\/revisions"}],"predecessor-version":[{"id":348,"href":"https:\/\/ceresfresh.es\/pt-pt\/wp-json\/wp\/v2\/pages\/347\/revisions\/348"}],"wp:attachment":[{"href":"https:\/\/ceresfresh.es\/pt-pt\/wp-json\/wp\/v2\/media?parent=347"}],"curies":[{"name":"wp","href":"https:\/\/api.w.org\/{rel}","templated":true}]}}