{"id":365,"date":"2024-05-21T08:49:29","date_gmt":"2024-05-21T08:49:29","guid":{"rendered":"https:\/\/ceresfresh.es\/index.php\/quem-somos\/"},"modified":"2024-05-23T11:08:01","modified_gmt":"2024-05-23T11:08:01","slug":"quem-somos","status":"publish","type":"page","link":"https:\/\/ceresfresh.es\/pt-pt\/quem-somos\/","title":{"rendered":"Quem somos"},"content":{"rendered":"\t\t<div data-elementor-type=\"wp-page\" data-elementor-id=\"365\" class=\"elementor elementor-365 elementor-32\" data-elementor-post-type=\"page\">\n\t\t\t\t\t\t<section class=\"elementor-section elementor-top-section elementor-element elementor-element-4ab1e7ae elementor-section-boxed elementor-section-height-default elementor-section-height-default\" data-id=\"4ab1e7ae\" data-element_type=\"section\" data-settings=\"{&quot;background_background&quot;:&quot;classic&quot;}\">\n\t\t\t\t\t\t<div class=\"elementor-container elementor-column-gap-default\">\n\t\t\t\t\t<div class=\"elementor-column elementor-col-100 elementor-top-column elementor-element elementor-element-315fff27\" data-id=\"315fff27\" data-element_type=\"column\">\n\t\t\t<div class=\"elementor-widget-wrap elementor-element-populated\">\n\t\t\t\t\t\t<div class=\"elementor-element elementor-element-46665ed2 elementor-widget elementor-widget-heading\" data-id=\"46665ed2\" data-element_type=\"widget\" data-widget_type=\"heading.default\">\n\t\t\t\t<div class=\"elementor-widget-container\">\n\t\t\t\t\t<h1 class=\"elementor-heading-title elementor-size-default\">Quem somos<\/h1>\t\t\t\t<\/div>\n\t\t\t\t<\/div>\n\t\t\t\t<div class=\"elementor-element elementor-element-20d6e0c1 elementor-widget elementor-widget-spacer\" data-id=\"20d6e0c1\" data-element_type=\"widget\" data-widget_type=\"spacer.default\">\n\t\t\t\t<div class=\"elementor-widget-container\">\n\t\t\t\t\t\t\t<div class=\"elementor-spacer\">\n\t\t\t<div class=\"elementor-spacer-inner\"><\/div>\n\t\t<\/div>\n\t\t\t\t\t\t<\/div>\n\t\t\t\t<\/div>\n\t\t\t\t<div class=\"elementor-element elementor-element-24d3f4aa elementor-widget elementor-widget-text-editor\" data-id=\"24d3f4aa\" data-element_type=\"widget\" data-widget_type=\"text-editor.default\">\n\t\t\t\t<div class=\"elementor-widget-container\">\n\t\t\t\t\t\t\t\t\t<p><span style=\"font-weight: 400;\">Somos uma empresa jovem e empreendedora com experi\u00eancia na produ\u00e7\u00e3o e comercializa\u00e7\u00e3o de frutas e legumes que cultivamos principalmente na regi\u00e3o de Val\u00eancia.<\/span><\/p>\n\t\t\t\t\t\t\t\t<\/div>\n\t\t\t\t<\/div>\n\t\t\t\t\t<\/div>\n\t\t<\/div>\n\t\t\t\t\t<\/div>\n\t\t<\/section>\n\t\t\t\t<section class=\"elementor-section elementor-top-section elementor-element elementor-element-20f8b417 elementor-section-boxed elementor-section-height-default elementor-section-height-default\" data-id=\"20f8b417\" data-element_type=\"section\">\n\t\t\t\t\t\t<div class=\"elementor-container elementor-column-gap-default\">\n\t\t\t\t\t<div class=\"elementor-column elementor-col-100 elementor-top-column elementor-element elementor-element-156b548f\" data-id=\"156b548f\" data-element_type=\"column\">\n\t\t\t<div class=\"elementor-widget-wrap\">\n\t\t\t\t\t\t\t<\/div>\n\t\t<\/div>\n\t\t\t\t\t<\/div>\n\t\t<\/section>\n\t\t\t\t<section class=\"elementor-section elementor-top-section elementor-element elementor-element-371491b3 elementor-section-boxed elementor-section-height-default elementor-section-height-default\" data-id=\"371491b3\" data-element_type=\"section\">\n\t\t\t\t\t\t<div class=\"elementor-container elementor-column-gap-default\">\n\t\t\t\t\t<div class=\"elementor-column elementor-col-50 elementor-top-column elementor-element elementor-element-15d2bdcd elementor-invisible\" data-id=\"15d2bdcd\" data-element_type=\"column\" data-settings=\"{&quot;animation&quot;:&quot;fadeInLeft&quot;}\">\n\t\t\t<div class=\"elementor-widget-wrap elementor-element-populated\">\n\t\t\t\t\t\t<div class=\"elementor-element elementor-element-dabe9a1 elementor-widget elementor-widget-heading\" data-id=\"dabe9a1\" data-element_type=\"widget\" data-widget_type=\"heading.default\">\n\t\t\t\t<div class=\"elementor-widget-container\">\n\t\t\t\t\t<h2 class=\"elementor-heading-title elementor-size-default\">O futuro do setor hortofruticola<\/h2>\t\t\t\t<\/div>\n\t\t\t\t<\/div>\n\t\t\t\t<div class=\"elementor-element elementor-element-c87d5bb elementor-tabs-view-horizontal elementor-widget elementor-widget-tabs\" data-id=\"c87d5bb\" data-element_type=\"widget\" data-widget_type=\"tabs.default\">\n\t\t\t\t<div class=\"elementor-widget-container\">\n\t\t\t\t\t\t\t<div class=\"elementor-tabs\">\n\t\t\t<div class=\"elementor-tabs-wrapper\" role=\"tablist\" >\n\t\t\t\t\t\t\t\t\t<div id=\"elementor-tab-title-2101\" class=\"elementor-tab-title elementor-tab-desktop-title\" aria-selected=\"true\" data-tab=\"1\" role=\"tab\" tabindex=\"0\" aria-controls=\"elementor-tab-content-2101\" aria-expanded=\"false\">EMPRESA<\/div>\n\t\t\t\t\t\t\t\t\t<div id=\"elementor-tab-title-2102\" class=\"elementor-tab-title elementor-tab-desktop-title\" aria-selected=\"false\" data-tab=\"2\" role=\"tab\" tabindex=\"-1\" aria-controls=\"elementor-tab-content-2102\" aria-expanded=\"false\">MISSAO<\/div>\n\t\t\t\t\t\t\t\t\t<div id=\"elementor-tab-title-2103\" class=\"elementor-tab-title elementor-tab-desktop-title\" aria-selected=\"false\" data-tab=\"3\" role=\"tab\" tabindex=\"-1\" aria-controls=\"elementor-tab-content-2103\" aria-expanded=\"false\">VIS\u00c3O<\/div>\n\t\t\t\t\t\t\t<\/div>\n\t\t\t<div class=\"elementor-tabs-content-wrapper\" role=\"tablist\" aria-orientation=\"vertical\">\n\t\t\t\t\t\t\t\t\t<div class=\"elementor-tab-title elementor-tab-mobile-title\" aria-selected=\"true\" data-tab=\"1\" role=\"tab\" tabindex=\"0\" aria-controls=\"elementor-tab-content-2101\" aria-expanded=\"false\">EMPRESA<\/div>\n\t\t\t\t\t<div id=\"elementor-tab-content-2101\" class=\"elementor-tab-content elementor-clearfix\" data-tab=\"1\" role=\"tabpanel\" aria-labelledby=\"elementor-tab-title-2101\" tabindex=\"0\" hidden=\"false\"><p>Uma empresa com grande experi\u00eancia no mercado focada no setor hortofrut\u00edcola que est\u00e1 localizada em Val\u00eancia.<\/p>\n<p>Contamos com uma equipa humana experiente e preparada para suprir as necessidades dos nossos clientes mais exigentes.<\/p>\n<\/div>\n\t\t\t\t\t\t\t\t\t<div class=\"elementor-tab-title elementor-tab-mobile-title\" aria-selected=\"false\" data-tab=\"2\" role=\"tab\" tabindex=\"-1\" aria-controls=\"elementor-tab-content-2102\" aria-expanded=\"false\">MISSAO<\/div>\n\t\t\t\t\t<div id=\"elementor-tab-content-2102\" class=\"elementor-tab-content elementor-clearfix\" data-tab=\"2\" role=\"tabpanel\" aria-labelledby=\"elementor-tab-title-2102\" tabindex=\"0\" hidden=\"hidden\"><p>Organiza\u00e7\u00e3o, transpar\u00eancia, clareza, esfor\u00e7o e seguran\u00e7a definem quem somos.<\/p>\n<p>Trabalho di\u00e1rio e constante que se traduzir\u00e1 em qualidade, crescimento e diferencia\u00e7\u00e3o contra as demais empresas do setor.<\/p>\n<\/div>\n\t\t\t\t\t\t\t\t\t<div class=\"elementor-tab-title elementor-tab-mobile-title\" aria-selected=\"false\" data-tab=\"3\" role=\"tab\" tabindex=\"-1\" aria-controls=\"elementor-tab-content-2103\" aria-expanded=\"false\">VIS\u00c3O<\/div>\n\t\t\t\t\t<div id=\"elementor-tab-content-2103\" class=\"elementor-tab-content elementor-clearfix\" data-tab=\"3\" role=\"tabpanel\" aria-labelledby=\"elementor-tab-title-2103\" tabindex=\"0\" hidden=\"hidden\"><p>Conseguir ser a empresa de refer\u00eancia no setor alimentar, fazendo que os consumidores pensem na CERES FRESH quando t\u00eam necessidade do produto.<\/p>\n<\/div>\n\t\t\t\t\t\t\t<\/div>\n\t\t<\/div>\n\t\t\t\t\t\t<\/div>\n\t\t\t\t<\/div>\n\t\t\t\t\t<\/div>\n\t\t<\/div>\n\t\t\t\t<div class=\"elementor-column elementor-col-50 elementor-top-column elementor-element elementor-element-4f7a80a7 elementor-invisible\" data-id=\"4f7a80a7\" data-element_type=\"column\" data-settings=\"{&quot;animation&quot;:&quot;fadeInRight&quot;}\">\n\t\t\t<div class=\"elementor-widget-wrap elementor-element-populated\">\n\t\t\t\t\t\t<div class=\"elementor-element elementor-element-206e299 elementor-skin-slideshow elementor-arrows-yes elementor-widget elementor-widget-media-carousel\" data-id=\"206e299\" data-element_type=\"widget\" data-settings=\"{&quot;skin&quot;:&quot;slideshow&quot;,&quot;effect&quot;:&quot;fade&quot;,&quot;autoplay_speed&quot;:4000,&quot;show_arrows&quot;:&quot;yes&quot;,&quot;speed&quot;:500,&quot;autoplay&quot;:&quot;yes&quot;,&quot;loop&quot;:&quot;yes&quot;,&quot;pause_on_interaction&quot;:&quot;yes&quot;,&quot;space_between&quot;:{&quot;unit&quot;:&quot;px&quot;,&quot;size&quot;:10,&quot;sizes&quot;:[]},&quot;space_between_tablet&quot;:{&quot;unit&quot;:&quot;px&quot;,&quot;size&quot;:10,&quot;sizes&quot;:[]},&quot;space_between_mobile&quot;:{&quot;unit&quot;:&quot;px&quot;,&quot;size&quot;:10,&quot;sizes&quot;:[]}}\" data-widget_type=\"media-carousel.default\">\n\t\t\t\t<div class=\"elementor-widget-container\">\n\t\t\t\t\t\t\t\t\t<div class=\"elementor-swiper\">\n\t\t\t\t\t<div class=\"elementor-main-swiper swiper\" role=\"region\" aria-roledescription=\"carousel\" aria-label=\"Slides\">\n\t\t\t\t<div class=\"swiper-wrapper\">\n\t\t\t\t\t\t\t\t\t\t\t<div class=\"swiper-slide\" role=\"group\" aria-roledescription=\"slide\">\n\t\t\t\t\t\t\t\t\t<div class=\"elementor-carousel-image\" role=\"img\" aria-label=\"Campos-ceresfresh19-scaled\" style=\"background-image: url(&#039;https:\/\/ceresfresh.es\/wp-content\/uploads\/2024\/05\/Campos-ceresfresh19-scaled-1.jpeg&#039;)\">\n\n\t\t\t\n\t\t\t\t\t<\/div>\n\t\t\t\t\t\t\t\t<\/div>\n\t\t\t\t\t\t\t\t\t\t\t<div class=\"swiper-slide\" role=\"group\" aria-roledescription=\"slide\">\n\t\t\t\t\t\t\t\t\t<div class=\"elementor-carousel-image\" role=\"img\" aria-label=\"Campos-ceresfresh9-scaled\" style=\"background-image: url(&#039;https:\/\/ceresfresh.es\/wp-content\/uploads\/2024\/05\/Campos-ceresfresh9-scaled-1.jpeg&#039;)\">\n\n\t\t\t\n\t\t\t\t\t<\/div>\n\t\t\t\t\t\t\t\t<\/div>\n\t\t\t\t\t\t\t\t\t\t\t<div class=\"swiper-slide\" role=\"group\" aria-roledescription=\"slide\">\n\t\t\t\t\t\t\t\t\t<div class=\"elementor-carousel-image\" role=\"img\" aria-label=\"Campos-ceresfresh5-scaled\" style=\"background-image: url(&#039;https:\/\/ceresfresh.es\/wp-content\/uploads\/2024\/05\/Campos-ceresfresh5-scaled-1.jpeg&#039;)\">\n\n\t\t\t\n\t\t\t\t\t<\/div>\n\t\t\t\t\t\t\t\t<\/div>\n\t\t\t\t\t\t\t\t\t\t\t<div class=\"swiper-slide\" role=\"group\" aria-roledescription=\"slide\">\n\t\t\t\t\t\t\t\t\t<div class=\"elementor-carousel-image\" role=\"img\" aria-label=\"Campos-ceresfresh18-scaled\" style=\"background-image: url(&#039;https:\/\/ceresfresh.es\/wp-content\/uploads\/2024\/05\/Campos-ceresfresh18-scaled-1.jpeg&#039;)\">\n\n\t\t\t\n\t\t\t\t\t<\/div>\n\t\t\t\t\t\t\t\t<\/div>\n\t\t\t\t\t\t\t\t\t<\/div>\n\t\t\t\t\t\t\t\t\t\t\t\t\t\t\t<div class=\"elementor-swiper-button elementor-swiper-button-prev\" role=\"button\" tabindex=\"0\" aria-label=\"Anterior\">\n\t\t\t\t\t\t\t<svg aria-hidden=\"true\" class=\"e-font-icon-svg e-eicon-chevron-left\" viewBox=\"0 0 1000 1000\" xmlns=\"http:\/\/www.w3.org\/2000\/svg\"><path d=\"M646 125C629 125 613 133 604 142L308 442C296 454 292 471 292 487 292 504 296 521 308 533L604 854C617 867 629 875 646 875 663 875 679 871 692 858 704 846 713 829 713 812 713 796 708 779 692 767L438 487 692 225C700 217 708 204 708 187 708 171 704 154 692 142 675 129 663 125 646 125Z\"><\/path><\/svg>\t\t\t\t\t\t<\/div>\n\t\t\t\t\t\t<div class=\"elementor-swiper-button elementor-swiper-button-next\" role=\"button\" tabindex=\"0\" aria-label=\"Next\">\n\t\t\t\t\t\t\t<svg aria-hidden=\"true\" class=\"e-font-icon-svg e-eicon-chevron-right\" viewBox=\"0 0 1000 1000\" xmlns=\"http:\/\/www.w3.org\/2000\/svg\"><path d=\"M696 533C708 521 713 504 713 487 713 471 708 454 696 446L400 146C388 133 375 125 354 125 338 125 325 129 313 142 300 154 292 171 292 187 292 204 296 221 308 233L563 492 304 771C292 783 288 800 288 817 288 833 296 850 308 863 321 871 338 875 354 875 371 875 388 867 400 854L696 533Z\"><\/path><\/svg>\t\t\t\t\t\t<\/div>\n\t\t\t\t\t\t\t\t\t\t\t\t\t\t\t\t\t<\/div>\n\t\t\t\t<\/div>\n\t\t\t\t\t\t\t\t<div class=\"elementor-swiper\">\n\t\t\t\t\t<div class=\"elementor-main-swiper swiper elementor-thumbnails-swiper swiper\" role=\"region region\" aria-roledescription=\"carousel carousel\" aria-label=\"Slides Slides\">\n\t\t\t\t<div class=\"swiper-wrapper\">\n\t\t\t\t\t\t\t\t\t\t\t<div class=\"swiper-slide\" role=\"group\" aria-roledescription=\"slide\">\n\t\t\t\t\t\t\t\t\t<div class=\"elementor-carousel-image\" role=\"img\" aria-label=\"Campos-ceresfresh19-scaled\" style=\"background-image: url(&#039;https:\/\/ceresfresh.es\/wp-content\/uploads\/2024\/05\/Campos-ceresfresh19-scaled-1.jpeg&#039;)\">\n\n\t\t\t\n\t\t\t\t\t<\/div>\n\t\t\t\t\t\t\t\t<\/div>\n\t\t\t\t\t\t\t\t\t\t\t<div class=\"swiper-slide\" role=\"group\" aria-roledescription=\"slide\">\n\t\t\t\t\t\t\t\t\t<div class=\"elementor-carousel-image\" role=\"img\" aria-label=\"Campos-ceresfresh9-scaled\" style=\"background-image: url(&#039;https:\/\/ceresfresh.es\/wp-content\/uploads\/2024\/05\/Campos-ceresfresh9-scaled-1.jpeg&#039;)\">\n\n\t\t\t\n\t\t\t\t\t<\/div>\n\t\t\t\t\t\t\t\t<\/div>\n\t\t\t\t\t\t\t\t\t\t\t<div class=\"swiper-slide\" role=\"group\" aria-roledescription=\"slide\">\n\t\t\t\t\t\t\t\t\t<div class=\"elementor-carousel-image\" role=\"img\" aria-label=\"Campos-ceresfresh5-scaled\" style=\"background-image: url(&#039;https:\/\/ceresfresh.es\/wp-content\/uploads\/2024\/05\/Campos-ceresfresh5-scaled-1.jpeg&#039;)\">\n\n\t\t\t\n\t\t\t\t\t<\/div>\n\t\t\t\t\t\t\t\t<\/div>\n\t\t\t\t\t\t\t\t\t\t\t<div class=\"swiper-slide\" role=\"group\" aria-roledescription=\"slide\">\n\t\t\t\t\t\t\t\t\t<div class=\"elementor-carousel-image\" role=\"img\" aria-label=\"Campos-ceresfresh18-scaled\" style=\"background-image: url(&#039;https:\/\/ceresfresh.es\/wp-content\/uploads\/2024\/05\/Campos-ceresfresh18-scaled-1.jpeg&#039;)\">\n\n\t\t\t\n\t\t\t\t\t<\/div>\n\t\t\t\t\t\t\t\t<\/div>\n\t\t\t\t\t\t\t\t\t<\/div>\n\t\t\t\t\t\t\t\t\t\t\t\t\t\t\t\t\t\t\t\t\t<\/div>\n\t\t\t\t<\/div>\n\t\t\t\t\t\t\t\t<\/div>\n\t\t\t\t<\/div>\n\t\t\t\t\t<\/div>\n\t\t<\/div>\n\t\t\t\t\t<\/div>\n\t\t<\/section>\n\t\t\t\t<section class=\"elementor-section elementor-top-section elementor-element elementor-element-3511b650 elementor-section-full_width elementor-section-stretched elementor-section-height-default elementor-section-height-default\" data-id=\"3511b650\" data-element_type=\"section\" data-settings=\"{&quot;background_background&quot;:&quot;classic&quot;,&quot;stretch_section&quot;:&quot;section-stretched&quot;}\">\n\t\t\t\t\t\t<div class=\"elementor-container elementor-column-gap-default\">\n\t\t\t\t\t<div class=\"elementor-column elementor-col-100 elementor-top-column elementor-element elementor-element-7fd660cf\" data-id=\"7fd660cf\" data-element_type=\"column\" data-settings=\"{&quot;background_background&quot;:&quot;gradient&quot;}\">\n\t\t\t<div class=\"elementor-widget-wrap elementor-element-populated\">\n\t\t\t\t\t\t<div class=\"elementor-element elementor-element-f7e98c9 elementor-widget elementor-widget-text-editor\" data-id=\"f7e98c9\" data-element_type=\"widget\" data-widget_type=\"text-editor.default\">\n\t\t\t\t<div class=\"elementor-widget-container\">\n\t\t\t\t\t\t\t\t\t<p>Nosso objetivo \u00e9 oferecer produtos onde a qualidade e frescor prevale\u00e7am e todos os padr\u00f5es de seguran\u00e7a alimentar sejam atendidos e respeitados, para isso temos controles rigorosos em todos os processos, al\u00e9m de pessoal altamente qualificado no setor (desde nossos fornecedores de sementes, viveiro, agricultores, trabalhadores do armaz\u00e9m ao nossot\u00e9cnico de produ\u00e7\u00e3o e qualidade) que s\u00e3o respons\u00e1veis \u200b\u200bpor realizar os controlos relevantes desde o in\u00edcio do processo de produ\u00e7\u00e3o at\u00e9 \u00e0 sua distribui\u00e7\u00e3o aos nossos clientes. Desta forma podemos garantir a rastreabilidade do produto ao longo de todo o processo e em caso de avaria, podemos descobrir a origem e assim resolv\u00ea-lo, garantindo assim que a BOSS tenha sempre um produto ESPECIAL.<\/p>\n<p>A empresa pauta-se por diretrizes de seriedade, perseveran\u00e7a e esfor\u00e7o, o que lhe permitiu abrir portas em diferentes mercados e com diferentes clientes, todos importantes, que apreciam o nosso produto e o valor que lhes damos, satisfazendo assim as suas necessidades e a de seus clientes.<\/p>\n<p>Possu\u00edmos o <a href=\"https:\/\/ceresfresh.es\/certificado-global-gap\/\" target=\"_blank\" rel=\"noopener\">certificado Global Gap N\u00ba GGN: 4063061685803<\/a> porque temos a certeza que a sua aplica\u00e7\u00e3o nos permite melhorar o nosso sistema produtivo e a qualidade e servi\u00e7o aos nossos clientes.<\/p>\n<p><a href=\"https:\/\/ceresfresh.es\/certificado-global-gap\/\" target=\"_blank\" rel=\"noopener\"><img fetchpriority=\"high\" decoding=\"async\" class=\"alignnone wp-image-887 size-medium\" title=\"Certificado Global Gap\" src=\"https:\/\/ceresfresh.es\/wp-content\/uploads\/2021\/04\/logo-gobalgap-sin-fondo-300x172.png\" alt=\"\" width=\"300\" height=\"172\"><\/a><\/p>\n\t\t\t\t\t\t\t\t<\/div>\n\t\t\t\t<\/div>\n\t\t\t\t\t<\/div>\n\t\t<\/div>\n\t\t\t\t\t<\/div>\n\t\t<\/section>\n\t\t\t\t<\/div>\n\t\t","protected":false},"excerpt":{"rendered":"<p>Quem somos Somos uma empresa jovem e empreendedora com experi\u00eancia na produ\u00e7\u00e3o e comercializa\u00e7\u00e3o de frutas e legumes que cultivamos principalmente na regi\u00e3o de Val\u00eancia. O futuro do setor hortofruticola EMPRESA MISSAO VIS\u00c3O EMPRESA Uma empresa com grande experi\u00eancia no mercado focada no setor hortofrut\u00edcola que est\u00e1 localizada em Val\u00eancia. Contamos com uma equipa humana [&hellip;]<\/p>\n","protected":false},"author":1,"featured_media":0,"parent":0,"menu_order":0,"comment_status":"closed","ping_status":"closed","template":"elementor_header_footer","meta":{"footnotes":""},"class_list":["post-365","page","type-page","status-publish","hentry"],"yoast_head":"<!-- This site is optimized with the Yoast SEO plugin v25.1 - https:\/\/yoast.com\/wordpress\/plugins\/seo\/ -->\n<title>Quem somos - Ceresfresh<\/title>\n<meta name=\"robots\" content=\"index, follow, max-snippet:-1, max-image-preview:large, max-video-preview:-1\" \/>\n<link rel=\"canonical\" href=\"https:\/\/ceresfresh.es\/pt-pt\/quem-somos\/\" \/>\n<meta property=\"og:locale\" content=\"pt_PT\" \/>\n<meta property=\"og:type\" content=\"article\" \/>\n<meta property=\"og:title\" content=\"Quem somos - Ceresfresh\" \/>\n<meta property=\"og:description\" content=\"Quem somos Somos uma empresa jovem e empreendedora com experi\u00eancia na produ\u00e7\u00e3o e comercializa\u00e7\u00e3o de frutas e legumes que cultivamos principalmente na regi\u00e3o de Val\u00eancia. O futuro do setor hortofruticola EMPRESA MISSAO VIS\u00c3O EMPRESA Uma empresa com grande experi\u00eancia no mercado focada no setor hortofrut\u00edcola que est\u00e1 localizada em Val\u00eancia. Contamos com uma equipa humana [&hellip;]\" \/>\n<meta property=\"og:url\" content=\"https:\/\/ceresfresh.es\/pt-pt\/quem-somos\/\" \/>\n<meta property=\"og:site_name\" content=\"Ceresfresh\" \/>\n<meta property=\"article:modified_time\" content=\"2024-05-23T11:08:01+00:00\" \/>\n<meta property=\"og:image\" content=\"https:\/\/ceresfresh.es\/wp-content\/uploads\/2021\/04\/logo-gobalgap-sin-fondo-300x172.png\" \/>\n<meta name=\"twitter:card\" content=\"summary_large_image\" \/>\n<meta name=\"twitter:label1\" content=\"Tempo estimado de leitura\" \/>\n\t<meta name=\"twitter:data1\" content=\"2 minutos\" \/>\n<script type=\"application\/ld+json\" class=\"yoast-schema-graph\">{\"@context\":\"https:\/\/schema.org\",\"@graph\":[{\"@type\":\"WebPage\",\"@id\":\"https:\/\/ceresfresh.es\/pt-pt\/quem-somos\/\",\"url\":\"https:\/\/ceresfresh.es\/pt-pt\/quem-somos\/\",\"name\":\"Quem somos - Ceresfresh\",\"isPartOf\":{\"@id\":\"https:\/\/ceresfresh.es\/pt-pt\/#website\"},\"primaryImageOfPage\":{\"@id\":\"https:\/\/ceresfresh.es\/pt-pt\/quem-somos\/#primaryimage\"},\"image\":{\"@id\":\"https:\/\/ceresfresh.es\/pt-pt\/quem-somos\/#primaryimage\"},\"thumbnailUrl\":\"https:\/\/ceresfresh.es\/wp-content\/uploads\/2021\/04\/logo-gobalgap-sin-fondo-300x172.png\",\"datePublished\":\"2024-05-21T08:49:29+00:00\",\"dateModified\":\"2024-05-23T11:08:01+00:00\",\"breadcrumb\":{\"@id\":\"https:\/\/ceresfresh.es\/pt-pt\/quem-somos\/#breadcrumb\"},\"inLanguage\":\"pt-PT\",\"potentialAction\":[{\"@type\":\"ReadAction\",\"target\":[\"https:\/\/ceresfresh.es\/pt-pt\/quem-somos\/\"]}]},{\"@type\":\"ImageObject\",\"inLanguage\":\"pt-PT\",\"@id\":\"https:\/\/ceresfresh.es\/pt-pt\/quem-somos\/#primaryimage\",\"url\":\"https:\/\/ceresfresh.es\/wp-content\/uploads\/2021\/04\/logo-gobalgap-sin-fondo-300x172.png\",\"contentUrl\":\"https:\/\/ceresfresh.es\/wp-content\/uploads\/2021\/04\/logo-gobalgap-sin-fondo-300x172.png\"},{\"@type\":\"BreadcrumbList\",\"@id\":\"https:\/\/ceresfresh.es\/pt-pt\/quem-somos\/#breadcrumb\",\"itemListElement\":[{\"@type\":\"ListItem\",\"position\":1,\"name\":\"Portada\",\"item\":\"https:\/\/ceresfresh.es\/pt-pt\/home\/\"},{\"@type\":\"ListItem\",\"position\":2,\"name\":\"Quem somos\"}]},{\"@type\":\"WebSite\",\"@id\":\"https:\/\/ceresfresh.es\/pt-pt\/#website\",\"url\":\"https:\/\/ceresfresh.es\/pt-pt\/\",\"name\":\"Ceresfresh\",\"description\":\"\",\"publisher\":{\"@id\":\"https:\/\/ceresfresh.es\/pt-pt\/#organization\"},\"potentialAction\":[{\"@type\":\"SearchAction\",\"target\":{\"@type\":\"EntryPoint\",\"urlTemplate\":\"https:\/\/ceresfresh.es\/pt-pt\/?s={search_term_string}\"},\"query-input\":{\"@type\":\"PropertyValueSpecification\",\"valueRequired\":true,\"valueName\":\"search_term_string\"}}],\"inLanguage\":\"pt-PT\"},{\"@type\":\"Organization\",\"@id\":\"https:\/\/ceresfresh.es\/pt-pt\/#organization\",\"name\":\"Ceresfresh\",\"url\":\"https:\/\/ceresfresh.es\/pt-pt\/\",\"logo\":{\"@type\":\"ImageObject\",\"inLanguage\":\"pt-PT\",\"@id\":\"https:\/\/ceresfresh.es\/pt-pt\/#\/schema\/logo\/image\/\",\"url\":\"https:\/\/ceresfresh.es\/wp-content\/uploads\/2024\/05\/logo-ceresfresh-min.png\",\"contentUrl\":\"https:\/\/ceresfresh.es\/wp-content\/uploads\/2024\/05\/logo-ceresfresh-min.png\",\"width\":4157,\"height\":2462,\"caption\":\"Ceresfresh\"},\"image\":{\"@id\":\"https:\/\/ceresfresh.es\/pt-pt\/#\/schema\/logo\/image\/\"}}]}<\/script>\n<!-- \/ Yoast SEO plugin. -->","yoast_head_json":{"title":"Quem somos - Ceresfresh","robots":{"index":"index","follow":"follow","max-snippet":"max-snippet:-1","max-image-preview":"max-image-preview:large","max-video-preview":"max-video-preview:-1"},"canonical":"https:\/\/ceresfresh.es\/pt-pt\/quem-somos\/","og_locale":"pt_PT","og_type":"article","og_title":"Quem somos - Ceresfresh","og_description":"Quem somos Somos uma empresa jovem e empreendedora com experi\u00eancia na produ\u00e7\u00e3o e comercializa\u00e7\u00e3o de frutas e legumes que cultivamos principalmente na regi\u00e3o de Val\u00eancia. O futuro do setor hortofruticola EMPRESA MISSAO VIS\u00c3O EMPRESA Uma empresa com grande experi\u00eancia no mercado focada no setor hortofrut\u00edcola que est\u00e1 localizada em Val\u00eancia. Contamos com uma equipa humana [&hellip;]","og_url":"https:\/\/ceresfresh.es\/pt-pt\/quem-somos\/","og_site_name":"Ceresfresh","article_modified_time":"2024-05-23T11:08:01+00:00","og_image":[{"url":"https:\/\/ceresfresh.es\/wp-content\/uploads\/2021\/04\/logo-gobalgap-sin-fondo-300x172.png","type":"","width":"","height":""}],"twitter_card":"summary_large_image","twitter_misc":{"Tempo estimado de leitura":"2 minutos"},"schema":{"@context":"https:\/\/schema.org","@graph":[{"@type":"WebPage","@id":"https:\/\/ceresfresh.es\/pt-pt\/quem-somos\/","url":"https:\/\/ceresfresh.es\/pt-pt\/quem-somos\/","name":"Quem somos - Ceresfresh","isPartOf":{"@id":"https:\/\/ceresfresh.es\/pt-pt\/#website"},"primaryImageOfPage":{"@id":"https:\/\/ceresfresh.es\/pt-pt\/quem-somos\/#primaryimage"},"image":{"@id":"https:\/\/ceresfresh.es\/pt-pt\/quem-somos\/#primaryimage"},"thumbnailUrl":"https:\/\/ceresfresh.es\/wp-content\/uploads\/2021\/04\/logo-gobalgap-sin-fondo-300x172.png","datePublished":"2024-05-21T08:49:29+00:00","dateModified":"2024-05-23T11:08:01+00:00","breadcrumb":{"@id":"https:\/\/ceresfresh.es\/pt-pt\/quem-somos\/#breadcrumb"},"inLanguage":"pt-PT","potentialAction":[{"@type":"ReadAction","target":["https:\/\/ceresfresh.es\/pt-pt\/quem-somos\/"]}]},{"@type":"ImageObject","inLanguage":"pt-PT","@id":"https:\/\/ceresfresh.es\/pt-pt\/quem-somos\/#primaryimage","url":"https:\/\/ceresfresh.es\/wp-content\/uploads\/2021\/04\/logo-gobalgap-sin-fondo-300x172.png","contentUrl":"https:\/\/ceresfresh.es\/wp-content\/uploads\/2021\/04\/logo-gobalgap-sin-fondo-300x172.png"},{"@type":"BreadcrumbList","@id":"https:\/\/ceresfresh.es\/pt-pt\/quem-somos\/#breadcrumb","itemListElement":[{"@type":"ListItem","position":1,"name":"Portada","item":"https:\/\/ceresfresh.es\/pt-pt\/home\/"},{"@type":"ListItem","position":2,"name":"Quem somos"}]},{"@type":"WebSite","@id":"https:\/\/ceresfresh.es\/pt-pt\/#website","url":"https:\/\/ceresfresh.es\/pt-pt\/","name":"Ceresfresh","description":"","publisher":{"@id":"https:\/\/ceresfresh.es\/pt-pt\/#organization"},"potentialAction":[{"@type":"SearchAction","target":{"@type":"EntryPoint","urlTemplate":"https:\/\/ceresfresh.es\/pt-pt\/?s={search_term_string}"},"query-input":{"@type":"PropertyValueSpecification","valueRequired":true,"valueName":"search_term_string"}}],"inLanguage":"pt-PT"},{"@type":"Organization","@id":"https:\/\/ceresfresh.es\/pt-pt\/#organization","name":"Ceresfresh","url":"https:\/\/ceresfresh.es\/pt-pt\/","logo":{"@type":"ImageObject","inLanguage":"pt-PT","@id":"https:\/\/ceresfresh.es\/pt-pt\/#\/schema\/logo\/image\/","url":"https:\/\/ceresfresh.es\/wp-content\/uploads\/2024\/05\/logo-ceresfresh-min.png","contentUrl":"https:\/\/ceresfresh.es\/wp-content\/uploads\/2024\/05\/logo-ceresfresh-min.png","width":4157,"height":2462,"caption":"Ceresfresh"},"image":{"@id":"https:\/\/ceresfresh.es\/pt-pt\/#\/schema\/logo\/image\/"}}]}},"_links":{"self":[{"href":"https:\/\/ceresfresh.es\/pt-pt\/wp-json\/wp\/v2\/pages\/365","targetHints":{"allow":["GET"]}}],"collection":[{"href":"https:\/\/ceresfresh.es\/pt-pt\/wp-json\/wp\/v2\/pages"}],"about":[{"href":"https:\/\/ceresfresh.es\/pt-pt\/wp-json\/wp\/v2\/types\/page"}],"author":[{"embeddable":true,"href":"https:\/\/ceresfresh.es\/pt-pt\/wp-json\/wp\/v2\/users\/1"}],"replies":[{"embeddable":true,"href":"https:\/\/ceresfresh.es\/pt-pt\/wp-json\/wp\/v2\/comments?post=365"}],"version-history":[{"count":1,"href":"https:\/\/ceresfresh.es\/pt-pt\/wp-json\/wp\/v2\/pages\/365\/revisions"}],"predecessor-version":[{"id":370,"href":"https:\/\/ceresfresh.es\/pt-pt\/wp-json\/wp\/v2\/pages\/365\/revisions\/370"}],"wp:attachment":[{"href":"https:\/\/ceresfresh.es\/pt-pt\/wp-json\/wp\/v2\/media?parent=365"}],"curies":[{"name":"wp","href":"https:\/\/api.w.org\/{rel}","templated":true}]}}